{"id":17,"date":"2020-09-23T08:11:28","date_gmt":"2020-09-23T08:11:28","guid":{"rendered":"https:\/\/proteo.yithemes.com\/food\/?page_id=17"},"modified":"2021-12-16T11:10:17","modified_gmt":"2021-12-16T11:10:17","slug":"food-home-1","status":"publish","type":"page","link":"https:\/\/www.laisladelamariposa.com\/","title":{"rendered":"INICIO"},"content":{"rendered":"\t\t<div data-elementor-type=\"wp-page\" data-elementor-id=\"17\" class=\"elementor elementor-17\">\n\t\t\t\t\t\t<section class=\"elementor-section elementor-top-section elementor-element elementor-element-b8f56dc elementor-section-boxed elementor-section-height-default elementor-section-height-default\" data-id=\"b8f56dc\" data-element_type=\"section\" data-e-type=\"section\">\n\t\t\t\t\t\t<div class=\"elementor-container elementor-column-gap-default\">\n\t\t\t\t\t<div class=\"elementor-column elementor-col-100 elementor-top-column elementor-element elementor-element-1afb43d\" data-id=\"1afb43d\" data-element_type=\"column\" data-e-type=\"column\">\n\t\t\t<div class=\"elementor-widget-wrap elementor-element-populated\">\n\t\t\t\t\t\t<div class=\"elementor-element elementor-element-2a0c5a8 elementor-arrows-position-inside elementor-pagination-position-outside elementor-widget elementor-widget-image-carousel\" data-id=\"2a0c5a8\" data-element_type=\"widget\" data-e-type=\"widget\" data-settings=\"{&quot;slides_to_show&quot;:&quot;1&quot;,&quot;navigation&quot;:&quot;both&quot;,&quot;autoplay&quot;:&quot;yes&quot;,&quot;pause_on_hover&quot;:&quot;yes&quot;,&quot;pause_on_interaction&quot;:&quot;yes&quot;,&quot;autoplay_speed&quot;:5000,&quot;infinite&quot;:&quot;yes&quot;,&quot;effect&quot;:&quot;slide&quot;,&quot;speed&quot;:500}\" data-widget_type=\"image-carousel.default\">\n\t\t\t\t<div class=\"elementor-widget-container\">\n\t\t\t\t\t\t\t<div class=\"elementor-image-carousel-wrapper swiper\" role=\"region\" aria-roledescription=\"carousel\" aria-label=\"Carrusel de im\u00e1genes\" dir=\"ltr\">\n\t\t\t<div class=\"elementor-image-carousel swiper-wrapper\" aria-live=\"off\">\n\t\t\t\t\t\t\t\t<div class=\"swiper-slide\" role=\"group\" aria-roledescription=\"slide\" aria-label=\"1 de 19\"><figure class=\"swiper-slide-inner\"><img decoding=\"async\" class=\"swiper-slide-image\" src=\"https:\/\/www.laisladelamariposa.com\/wp-content\/uploads\/elementor\/thumbs\/Collarpendientespackaginglogo-2-pei8zrce7nlwdve3c7y5w5aq9tj8m4iyfnzeo3vlg2.jpg\" alt=\"Collarpendientespackaginglogo\" \/><\/figure><\/div><div class=\"swiper-slide\" role=\"group\" aria-roledescription=\"slide\" aria-label=\"2 de 19\"><figure class=\"swiper-slide-inner\"><img decoding=\"async\" class=\"swiper-slide-image\" src=\"https:\/\/www.laisladelamariposa.com\/wp-content\/uploads\/elementor\/thumbs\/caballlogo-pei58ukbaoxc0pcu4ekuiow0vwhou1xvjx5jzdwsia.jpg\" alt=\"caballlogo\" \/><\/figure><\/div><div class=\"swiper-slide\" role=\"group\" aria-roledescription=\"slide\" aria-label=\"3 de 19\"><figure class=\"swiper-slide-inner\"><img decoding=\"async\" class=\"swiper-slide-image\" src=\"https:\/\/www.laisladelamariposa.com\/wp-content\/uploads\/elementor\/thumbs\/Conjunto-Caballero-Castillologo-pei5ae0shx191p4a4kju3sw7xmwcg721fjn7apmkb6.jpg\" alt=\"Conjunto Caballero Castillologo\" \/><\/figure><\/div><div class=\"swiper-slide\" role=\"group\" aria-roledescription=\"slide\" aria-label=\"4 de 19\"><figure class=\"swiper-slide-inner\"><img decoding=\"async\" class=\"swiper-slide-image\" src=\"https:\/\/www.laisladelamariposa.com\/wp-content\/uploads\/elementor\/thumbs\/conjuntomunecasrosalogo-pei57xnynhoaqcomgicwlf6w3ezucnb9rebk6p9kk2.jpg\" alt=\"conjuntomu\u00f1ecasrosalogo\" \/><\/figure><\/div><div class=\"swiper-slide\" role=\"group\" aria-roledescription=\"slide\" aria-label=\"5 de 19\"><figure class=\"swiper-slide-inner\"><img decoding=\"async\" class=\"swiper-slide-image\" src=\"https:\/\/www.laisladelamariposa.com\/wp-content\/uploads\/elementor\/thumbs\/Coronavaritaycajarverdegrandelogo-1-pei5irqzfqiakiy06oz2u6r6mbl631bvl122cj76tu.jpg\" alt=\"Coronavaritaycajarverdegrandelogo\" \/><\/figure><\/div><div class=\"swiper-slide\" role=\"group\" aria-roledescription=\"slide\" aria-label=\"6 de 19\"><figure class=\"swiper-slide-inner\"><img decoding=\"async\" class=\"swiper-slide-image\" src=\"https:\/\/www.laisladelamariposa.com\/wp-content\/uploads\/elementor\/thumbs\/Trabajocollarypendientestela-pei5iuki08m5jctwq86yjo1keh79q4n2lf0isd30b6.jpg\" alt=\"Trabajocollarypendientestela\" \/><\/figure><\/div><div class=\"swiper-slide\" role=\"group\" aria-roledescription=\"slide\" aria-label=\"7 de 19\"><figure class=\"swiper-slide-inner\"><img decoding=\"async\" class=\"swiper-slide-image\" src=\"https:\/\/www.laisladelamariposa.com\/wp-content\/uploads\/elementor\/thumbs\/Expositortarjetasnavidadlogo-pgcrb2lm6shrb5w294a4hk636dt59axy6uq14787yq.jpg\" alt=\"Expositortarjetasnavidadlogo\" \/><\/figure><\/div><div class=\"swiper-slide\" role=\"group\" aria-roledescription=\"slide\" aria-label=\"8 de 19\"><figure class=\"swiper-slide-inner\"><img decoding=\"async\" class=\"swiper-slide-image\" src=\"https:\/\/www.laisladelamariposa.com\/wp-content\/uploads\/elementor\/thumbs\/Tarjetasnavidadmodelo5logo-pgcrvxmnvf1uzll5fmx1bsndt8zf3grhe3yzkaanv6.jpg\" alt=\"Tarjetasnavidadmodelo5logo\" \/><\/figure><\/div><div class=\"swiper-slide\" role=\"group\" aria-roledescription=\"slide\" aria-label=\"9 de 19\"><figure class=\"swiper-slide-inner\"><img decoding=\"async\" class=\"swiper-slide-image\" src=\"https:\/\/www.laisladelamariposa.com\/wp-content\/uploads\/elementor\/thumbs\/Tarjetasnavidadmodelo2logo-pgcrvlerekl4so2wezmvxdqe38nnbeez0fhoboss42.jpg\" alt=\"Tarjetasnavidadmodelo2logo\" \/><\/figure><\/div><div class=\"swiper-slide\" role=\"group\" aria-roledescription=\"slide\" aria-label=\"10 de 19\"><figure class=\"swiper-slide-inner\"><img decoding=\"async\" class=\"swiper-slide-image\" src=\"https:\/\/www.laisladelamariposa.com\/wp-content\/uploads\/elementor\/thumbs\/Hojanacimientomarcoslogo-pf8aytoxsc6asyufe7xsx591x3yuf1fnn4dp09430y.jpg\" alt=\"Hojanacimientomarcoslogo\" \/><\/figure><\/div><div class=\"swiper-slide\" role=\"group\" aria-roledescription=\"slide\" aria-label=\"11 de 19\"><figure class=\"swiper-slide-inner\"><img decoding=\"async\" class=\"swiper-slide-image\" src=\"https:\/\/www.laisladelamariposa.com\/wp-content\/uploads\/elementor\/thumbs\/Conjuntobebe1logo-pgg8kghvari3ldr7ltq9x4rlftmbizw568pfnn47de.jpg\" alt=\"Conjuntobebe1logo\" \/><\/figure><\/div><div class=\"swiper-slide\" role=\"group\" aria-roledescription=\"slide\" aria-label=\"12 de 19\"><figure class=\"swiper-slide-inner\"><img decoding=\"async\" class=\"swiper-slide-image\" src=\"https:\/\/www.laisladelamariposa.com\/wp-content\/uploads\/elementor\/thumbs\/Brazaleteslogo-pf59e5a2l67hl2pkjm0rh2kvh8s8j2c3mrztxbxdg2.jpg\" alt=\"Brazaleteslogo\" \/><\/figure><\/div><div class=\"swiper-slide\" role=\"group\" aria-roledescription=\"slide\" aria-label=\"13 de 19\"><figure class=\"swiper-slide-inner\"><img decoding=\"async\" class=\"swiper-slide-image\" src=\"https:\/\/www.laisladelamariposa.com\/wp-content\/uploads\/elementor\/thumbs\/Llaverosmaderalogo-pf5949z2tsp3oh1o6cfsak8mxlfhph5k9xeaiqk6s2.jpg\" alt=\"Llaverosmaderalogo\" \/><\/figure><\/div><div class=\"swiper-slide\" role=\"group\" aria-roledescription=\"slide\" aria-label=\"14 de 19\"><figure class=\"swiper-slide-inner\"><img decoding=\"async\" class=\"swiper-slide-image\" src=\"https:\/\/www.laisladelamariposa.com\/wp-content\/uploads\/elementor\/thumbs\/Brochesflorespackaginglogo-pf57mjj84r4zyz3jy49kr4e0ema3odtyvyt0va8ehe.jpg\" alt=\"Brochesflorespackaginglogo\" \/><\/figure><\/div><div class=\"swiper-slide\" role=\"group\" aria-roledescription=\"slide\" aria-label=\"15 de 19\"><figure class=\"swiper-slide-inner\"><img decoding=\"async\" class=\"swiper-slide-image\" src=\"https:\/\/www.laisladelamariposa.com\/wp-content\/uploads\/elementor\/thumbs\/FaloritosCajalogo-peui0urqc25kg50w96kknm8ad5cptjhrzzofaer0ia.jpg\" alt=\"FaloritosCajalogo\" \/><\/figure><\/div><div class=\"swiper-slide\" role=\"group\" aria-roledescription=\"slide\" aria-label=\"16 de 19\"><figure class=\"swiper-slide-inner\"><img decoding=\"async\" class=\"swiper-slide-image\" src=\"https:\/\/www.laisladelamariposa.com\/wp-content\/uploads\/elementor\/thumbs\/Llaverostelalogo-peufwnyodhuvdzoz58z7jud8ysvnwr10uw1kwzpsuq.jpg\" alt=\"Llaverostelalogo\" \/><\/figure><\/div><div class=\"swiper-slide\" role=\"group\" aria-roledescription=\"slide\" aria-label=\"17 de 19\"><figure class=\"swiper-slide-inner\"><img decoding=\"async\" class=\"swiper-slide-image\" src=\"https:\/\/www.laisladelamariposa.com\/wp-content\/uploads\/elementor\/thumbs\/Brochesmariposapackaginglogo-peufs2j2ynkemmd9z9gvd044ezj2a0s9k584gaj39u.jpg\" alt=\"Brochesmariposapackaginglogo\" \/><\/figure><\/div><div class=\"swiper-slide\" role=\"group\" aria-roledescription=\"slide\" aria-label=\"18 de 19\"><figure class=\"swiper-slide-inner\"><img decoding=\"async\" class=\"swiper-slide-image\" src=\"https:\/\/www.laisladelamariposa.com\/wp-content\/uploads\/elementor\/thumbs\/pajaritaslogo-peuf1a4o6mw7qpa4eolnarh6xnkgwkfnvjvy2e90lu.jpg\" alt=\"pajaritaslogo\" \/><\/figure><\/div><div class=\"swiper-slide\" role=\"group\" aria-roledescription=\"slide\" aria-label=\"19 de 19\"><figure class=\"swiper-slide-inner\"><img decoding=\"async\" class=\"swiper-slide-image\" src=\"https:\/\/www.laisladelamariposa.com\/wp-content\/uploads\/elementor\/thumbs\/Brocheschicaslogo-peucr8rrp6lafwg1g7zuogqwgzx73kr19i4c6zvzo2.jpg\" alt=\"Brocheschicaslogo\" \/><\/figure><\/div>\t\t\t<\/div>\n\t\t\t\t\t\t\t\t\t\t\t\t<div class=\"elementor-swiper-button elementor-swiper-button-prev\" role=\"button\" tabindex=\"0\">\n\t\t\t\t\t\t<i aria-hidden=\"true\" class=\"eicon-chevron-left\"><\/i>\t\t\t\t\t<\/div>\n\t\t\t\t\t<div class=\"elementor-swiper-button elementor-swiper-button-next\" role=\"button\" tabindex=\"0\">\n\t\t\t\t\t\t<i aria-hidden=\"true\" class=\"eicon-chevron-right\"><\/i>\t\t\t\t\t<\/div>\n\t\t\t\t\n\t\t\t\t\t\t\t\t\t<div class=\"swiper-pagination\"><\/div>\n\t\t\t\t\t\t\t\t\t<\/div>\n\t\t\t\t\t\t<\/div>\n\t\t\t\t<\/div>\n\t\t\t\t\t<\/div>\n\t\t<\/div>\n\t\t\t\t\t<\/div>\n\t\t<\/section>\n\t\t\t\t<section class=\"elementor-section elementor-top-section elementor-element elementor-element-49029995 elementor-section-boxed elementor-section-height-default elementor-section-height-default\" data-id=\"49029995\" data-element_type=\"section\" data-e-type=\"section\">\n\t\t\t\t\t\t<div class=\"elementor-container elementor-column-gap-default\">\n\t\t\t\t\t<div class=\"elementor-column elementor-col-100 elementor-top-column elementor-element elementor-element-84d319b\" data-id=\"84d319b\" data-element_type=\"column\" data-e-type=\"column\">\n\t\t\t<div class=\"elementor-widget-wrap elementor-element-populated\">\n\t\t\t\t\t\t<div class=\"elementor-element elementor-element-bd322f6 elementor-widget elementor-widget-text-editor\" data-id=\"bd322f6\" data-element_type=\"widget\" data-e-type=\"widget\" data-widget_type=\"text-editor.default\">\n\t\t\t\t<div class=\"elementor-widget-container\">\n\t\t\t\t\t\t\t\t\t<h2 style=\"text-align: center;\"><span style=\"color: #000000;\">Mis creaciones<\/span><\/h2><p style=\"text-align: center;\"><span style=\"color: #000000;\">En esta p\u00e1gina encontrar\u00e1s un trocito de mi alma, plasmado en cada uno de los productos que vendo. Son productos totalmente personalizables, handmade y a tu gusto. \u00a1No dudes en consultarme cualquier petici\u00f3n que tengas!<\/span><\/p><p style=\"text-align: center;\"><span style=\"color: #000000;\">Si tienes cualquier duda, no dudes en contactarme a trav\u00e9s del tel\u00e9fono\u00a0<\/span><a href=\"https:\/\/api.whatsapp.com\/send?phone=34680354346\" target=\"_blank\" rel=\"noopener\"><b>680354346<\/b><\/a><span style=\"color: #000000;\"><b>\u00a0<\/b><\/span><\/p><p style=\"text-align: center;\"><span style=\"color: #000000;\">La tienda se encuentra en\u00a0<\/span><a href=\"https:\/\/goo.gl\/maps\/vUTVTDseyT6Jbjx68\" target=\"_blank\" rel=\"noopener\"><b>Avd. Derechos Humanos n\u00ba28<\/b><\/a><span style=\"color: #000000;\"><strong>&#8211; Local 3\u00a0<\/strong>en<strong>\u00a0Alm\u00e0ssera (Valencia).<\/strong><\/span><\/p><p style=\"text-align: center;\"><span style=\"color: #000000;\">\u00a1Gracias por volar hasta La Isla de la Mariposa!<\/span><\/p>\t\t\t\t\t\t\t\t<\/div>\n\t\t\t\t<\/div>\n\t\t\t\t\t<\/div>\n\t\t<\/div>\n\t\t\t\t\t<\/div>\n\t\t<\/section>\n\t\t\t\t<\/div>\n\t\t","protected":false},"excerpt":{"rendered":"<p>Anterior Siguiente Mis creaciones En esta p\u00e1gina encontrar\u00e1s un trocito de mi alma, plasmado en cada uno de los productos que vendo. Son productos totalmente personalizables, handmade y a tu gusto. \u00a1No dudes en consultarme cualquier petici\u00f3n que tengas! Si tienes cualquier duda, no dudes en contactarme a trav\u00e9s del tel\u00e9fono\u00a0680354346\u00a0 La tienda se encuentra<a class=\"more-link\" href=\"https:\/\/www.laisladelamariposa.com\/\">Ver m\u00e1s  &#10230;<\/a><\/p>\n","protected":false},"author":1,"featured_media":0,"parent":0,"menu_order":0,"comment_status":"closed","ping_status":"closed","template":"","meta":{"_editorskit_title_hidden":true,"_editorskit_reading_time":1,"_editorskit_is_block_options_detached":false,"_editorskit_block_options_position":"{}","_crdt_document":"","footnotes":""},"class_list":["post-17","page","type-page","status-publish","hentry"],"yoast_head":"<!-- This site is optimized with the Yoast SEO plugin v27.4 - https:\/\/yoast.com\/product\/yoast-seo-wordpress\/ -->\n<title>INICIO - La Isla de la Mariposa<\/title>\n<meta name=\"robots\" content=\"index, follow, max-snippet:-1, max-image-preview:large, max-video-preview:-1\" \/>\n<link rel=\"canonical\" href=\"https:\/\/www.laisladelamariposa.com\/\" \/>\n<meta property=\"og:locale\" content=\"es_ES\" \/>\n<meta property=\"og:type\" content=\"article\" \/>\n<meta property=\"og:title\" content=\"INICIO - La Isla de la Mariposa\" \/>\n<meta property=\"og:description\" content=\"Anterior Siguiente Mis creaciones En esta p\u00e1gina encontrar\u00e1s un trocito de mi alma, plasmado en cada uno de los productos que vendo. Son productos totalmente personalizables, handmade y a tu gusto. \u00a1No dudes en consultarme cualquier petici\u00f3n que tengas! Si tienes cualquier duda, no dudes en contactarme a trav\u00e9s del tel\u00e9fono\u00a0680354346\u00a0 La tienda se encuentraVer m\u00e1s &#10230;\" \/>\n<meta property=\"og:url\" content=\"https:\/\/www.laisladelamariposa.com\/\" \/>\n<meta property=\"og:site_name\" content=\"La Isla de la Mariposa\" \/>\n<meta property=\"article:modified_time\" content=\"2021-12-16T11:10:17+00:00\" \/>\n<meta property=\"og:image\" content=\"https:\/\/www.laisladelamariposa.com\/wp-content\/uploads\/2021\/12\/INICIO-SLIDER.jpg\" \/>\n\t<meta property=\"og:image:width\" content=\"1280\" \/>\n\t<meta property=\"og:image:height\" content=\"853\" \/>\n\t<meta property=\"og:image:type\" content=\"image\/jpeg\" \/>\n<meta name=\"twitter:card\" content=\"summary_large_image\" \/>\n<meta name=\"twitter:image\" content=\"https:\/\/www.laisladelamariposa.com\/wp-content\/uploads\/2021\/12\/INICIO-SLIDER.jpg\" \/>\n<meta name=\"twitter:label1\" content=\"Tiempo de lectura\" \/>\n\t<meta name=\"twitter:data1\" content=\"5 minutos\" \/>\n<script type=\"application\/ld+json\" class=\"yoast-schema-graph\">{\"@context\":\"https:\\\/\\\/schema.org\",\"@graph\":[{\"@type\":\"WebPage\",\"@id\":\"https:\\\/\\\/www.laisladelamariposa.com\\\/\",\"url\":\"https:\\\/\\\/www.laisladelamariposa.com\\\/\",\"name\":\"INICIO - La Isla de la Mariposa\",\"isPartOf\":{\"@id\":\"https:\\\/\\\/www.laisladelamariposa.com\\\/#website\"},\"primaryImageOfPage\":{\"@id\":\"https:\\\/\\\/www.laisladelamariposa.com\\\/#primaryimage\"},\"image\":{\"@id\":\"https:\\\/\\\/www.laisladelamariposa.com\\\/#primaryimage\"},\"thumbnailUrl\":\"https:\\\/\\\/www.laisladelamariposa.com\\\/wp-content\\\/uploads\\\/elementor\\\/thumbs\\\/Collarpendientespackaginglogo-2-pei8zrce7nlwdve3c7y5w5aq9tj8m4iyfnze2xskjk.jpg\",\"datePublished\":\"2020-09-23T08:11:28+00:00\",\"dateModified\":\"2021-12-16T11:10:17+00:00\",\"breadcrumb\":{\"@id\":\"https:\\\/\\\/www.laisladelamariposa.com\\\/#breadcrumb\"},\"inLanguage\":\"es\",\"potentialAction\":[{\"@type\":\"ReadAction\",\"target\":[\"https:\\\/\\\/www.laisladelamariposa.com\\\/\"]}]},{\"@type\":\"ImageObject\",\"inLanguage\":\"es\",\"@id\":\"https:\\\/\\\/www.laisladelamariposa.com\\\/#primaryimage\",\"url\":\"https:\\\/\\\/www.laisladelamariposa.com\\\/wp-content\\\/uploads\\\/elementor\\\/thumbs\\\/Collarpendientespackaginglogo-2-pei8zrce7nlwdve3c7y5w5aq9tj8m4iyfnze2xskjk.jpg\",\"contentUrl\":\"https:\\\/\\\/www.laisladelamariposa.com\\\/wp-content\\\/uploads\\\/elementor\\\/thumbs\\\/Collarpendientespackaginglogo-2-pei8zrce7nlwdve3c7y5w5aq9tj8m4iyfnze2xskjk.jpg\"},{\"@type\":\"BreadcrumbList\",\"@id\":\"https:\\\/\\\/www.laisladelamariposa.com\\\/#breadcrumb\",\"itemListElement\":[{\"@type\":\"ListItem\",\"position\":1,\"name\":\"Portada\",\"item\":\"https:\\\/\\\/www.laisladelamariposa.com\\\/\"},{\"@type\":\"ListItem\",\"position\":2,\"name\":\"INICIO\"}]},{\"@type\":\"WebSite\",\"@id\":\"https:\\\/\\\/www.laisladelamariposa.com\\\/#website\",\"url\":\"https:\\\/\\\/www.laisladelamariposa.com\\\/\",\"name\":\"La Isla de la Mariposa\",\"description\":\"Rinconcito de arte, dise\u00f1o y artesan\u00eda.\",\"publisher\":{\"@id\":\"https:\\\/\\\/www.laisladelamariposa.com\\\/#organization\"},\"potentialAction\":[{\"@type\":\"SearchAction\",\"target\":{\"@type\":\"EntryPoint\",\"urlTemplate\":\"https:\\\/\\\/www.laisladelamariposa.com\\\/?s={search_term_string}\"},\"query-input\":{\"@type\":\"PropertyValueSpecification\",\"valueRequired\":true,\"valueName\":\"search_term_string\"}}],\"inLanguage\":\"es\"},{\"@type\":\"Organization\",\"@id\":\"https:\\\/\\\/www.laisladelamariposa.com\\\/#organization\",\"name\":\"La Isla de la Mariposa\",\"url\":\"https:\\\/\\\/www.laisladelamariposa.com\\\/\",\"logo\":{\"@type\":\"ImageObject\",\"inLanguage\":\"es\",\"@id\":\"https:\\\/\\\/www.laisladelamariposa.com\\\/#\\\/schema\\\/logo\\\/image\\\/\",\"url\":\"https:\\\/\\\/www.laisladelamariposa.com\\\/wp-content\\\/uploads\\\/2021\\\/12\\\/LOGO-FONDO-BLANCO.png\",\"contentUrl\":\"https:\\\/\\\/www.laisladelamariposa.com\\\/wp-content\\\/uploads\\\/2021\\\/12\\\/LOGO-FONDO-BLANCO.png\",\"width\":422,\"height\":422,\"caption\":\"La Isla de la Mariposa\"},\"image\":{\"@id\":\"https:\\\/\\\/www.laisladelamariposa.com\\\/#\\\/schema\\\/logo\\\/image\\\/\"}}]}<\/script>\n<!-- \/ Yoast SEO plugin. -->","yoast_head_json":{"title":"INICIO - La Isla de la Mariposa","robots":{"index":"index","follow":"follow","max-snippet":"max-snippet:-1","max-image-preview":"max-image-preview:large","max-video-preview":"max-video-preview:-1"},"canonical":"https:\/\/www.laisladelamariposa.com\/","og_locale":"es_ES","og_type":"article","og_title":"INICIO - La Isla de la Mariposa","og_description":"Anterior Siguiente Mis creaciones En esta p\u00e1gina encontrar\u00e1s un trocito de mi alma, plasmado en cada uno de los productos que vendo. Son productos totalmente personalizables, handmade y a tu gusto. \u00a1No dudes en consultarme cualquier petici\u00f3n que tengas! Si tienes cualquier duda, no dudes en contactarme a trav\u00e9s del tel\u00e9fono\u00a0680354346\u00a0 La tienda se encuentraVer m\u00e1s &#10230;","og_url":"https:\/\/www.laisladelamariposa.com\/","og_site_name":"La Isla de la Mariposa","article_modified_time":"2021-12-16T11:10:17+00:00","og_image":[{"width":1280,"height":853,"url":"https:\/\/www.laisladelamariposa.com\/wp-content\/uploads\/2021\/12\/INICIO-SLIDER.jpg","type":"image\/jpeg"}],"twitter_card":"summary_large_image","twitter_image":"https:\/\/www.laisladelamariposa.com\/wp-content\/uploads\/2021\/12\/INICIO-SLIDER.jpg","twitter_misc":{"Tiempo de lectura":"5 minutos"},"schema":{"@context":"https:\/\/schema.org","@graph":[{"@type":"WebPage","@id":"https:\/\/www.laisladelamariposa.com\/","url":"https:\/\/www.laisladelamariposa.com\/","name":"INICIO - La Isla de la Mariposa","isPartOf":{"@id":"https:\/\/www.laisladelamariposa.com\/#website"},"primaryImageOfPage":{"@id":"https:\/\/www.laisladelamariposa.com\/#primaryimage"},"image":{"@id":"https:\/\/www.laisladelamariposa.com\/#primaryimage"},"thumbnailUrl":"https:\/\/www.laisladelamariposa.com\/wp-content\/uploads\/elementor\/thumbs\/Collarpendientespackaginglogo-2-pei8zrce7nlwdve3c7y5w5aq9tj8m4iyfnze2xskjk.jpg","datePublished":"2020-09-23T08:11:28+00:00","dateModified":"2021-12-16T11:10:17+00:00","breadcrumb":{"@id":"https:\/\/www.laisladelamariposa.com\/#breadcrumb"},"inLanguage":"es","potentialAction":[{"@type":"ReadAction","target":["https:\/\/www.laisladelamariposa.com\/"]}]},{"@type":"ImageObject","inLanguage":"es","@id":"https:\/\/www.laisladelamariposa.com\/#primaryimage","url":"https:\/\/www.laisladelamariposa.com\/wp-content\/uploads\/elementor\/thumbs\/Collarpendientespackaginglogo-2-pei8zrce7nlwdve3c7y5w5aq9tj8m4iyfnze2xskjk.jpg","contentUrl":"https:\/\/www.laisladelamariposa.com\/wp-content\/uploads\/elementor\/thumbs\/Collarpendientespackaginglogo-2-pei8zrce7nlwdve3c7y5w5aq9tj8m4iyfnze2xskjk.jpg"},{"@type":"BreadcrumbList","@id":"https:\/\/www.laisladelamariposa.com\/#breadcrumb","itemListElement":[{"@type":"ListItem","position":1,"name":"Portada","item":"https:\/\/www.laisladelamariposa.com\/"},{"@type":"ListItem","position":2,"name":"INICIO"}]},{"@type":"WebSite","@id":"https:\/\/www.laisladelamariposa.com\/#website","url":"https:\/\/www.laisladelamariposa.com\/","name":"La Isla de la Mariposa","description":"Rinconcito de arte, dise\u00f1o y artesan\u00eda.","publisher":{"@id":"https:\/\/www.laisladelamariposa.com\/#organization"},"potentialAction":[{"@type":"SearchAction","target":{"@type":"EntryPoint","urlTemplate":"https:\/\/www.laisladelamariposa.com\/?s={search_term_string}"},"query-input":{"@type":"PropertyValueSpecification","valueRequired":true,"valueName":"search_term_string"}}],"inLanguage":"es"},{"@type":"Organization","@id":"https:\/\/www.laisladelamariposa.com\/#organization","name":"La Isla de la Mariposa","url":"https:\/\/www.laisladelamariposa.com\/","logo":{"@type":"ImageObject","inLanguage":"es","@id":"https:\/\/www.laisladelamariposa.com\/#\/schema\/logo\/image\/","url":"https:\/\/www.laisladelamariposa.com\/wp-content\/uploads\/2021\/12\/LOGO-FONDO-BLANCO.png","contentUrl":"https:\/\/www.laisladelamariposa.com\/wp-content\/uploads\/2021\/12\/LOGO-FONDO-BLANCO.png","width":422,"height":422,"caption":"La Isla de la Mariposa"},"image":{"@id":"https:\/\/www.laisladelamariposa.com\/#\/schema\/logo\/image\/"}}]}},"_links":{"self":[{"href":"https:\/\/www.laisladelamariposa.com\/index.php?rest_route=\/wp\/v2\/pages\/17","targetHints":{"allow":["GET"]}}],"collection":[{"href":"https:\/\/www.laisladelamariposa.com\/index.php?rest_route=\/wp\/v2\/pages"}],"about":[{"href":"https:\/\/www.laisladelamariposa.com\/index.php?rest_route=\/wp\/v2\/types\/page"}],"author":[{"embeddable":true,"href":"https:\/\/www.laisladelamariposa.com\/index.php?rest_route=\/wp\/v2\/users\/1"}],"replies":[{"embeddable":true,"href":"https:\/\/www.laisladelamariposa.com\/index.php?rest_route=%2Fwp%2Fv2%2Fcomments&post=17"}],"version-history":[{"count":39,"href":"https:\/\/www.laisladelamariposa.com\/index.php?rest_route=\/wp\/v2\/pages\/17\/revisions"}],"predecessor-version":[{"id":9475,"href":"https:\/\/www.laisladelamariposa.com\/index.php?rest_route=\/wp\/v2\/pages\/17\/revisions\/9475"}],"wp:attachment":[{"href":"https:\/\/www.laisladelamariposa.com\/index.php?rest_route=%2Fwp%2Fv2%2Fmedia&parent=17"}],"curies":[{"name":"wp","href":"https:\/\/api.w.org\/{rel}","templated":true}]}}