{"id":52,"date":"2021-09-29T12:04:34","date_gmt":"2021-09-29T12:04:34","guid":{"rendered":"https:\/\/www.laisladelamariposa.com\/?page_id=52"},"modified":"2021-10-06T21:13:45","modified_gmt":"2021-10-06T21:13:45","slug":"productos","status":"publish","type":"page","link":"https:\/\/www.laisladelamariposa.com\/?page_id=52","title":{"rendered":"Productos"},"content":{"rendered":"\t\t<div data-elementor-type=\"wp-page\" data-elementor-id=\"52\" class=\"elementor elementor-52\">\n\t\t\t\t\t\t<section class=\"elementor-section elementor-top-section elementor-element elementor-element-1342cbff elementor-section-boxed elementor-section-height-default elementor-section-height-default\" data-id=\"1342cbff\" data-element_type=\"section\" data-e-type=\"section\">\n\t\t\t\t\t\t<div class=\"elementor-container elementor-column-gap-default\">\n\t\t\t\t\t<div class=\"elementor-column elementor-col-100 elementor-top-column elementor-element elementor-element-3228919d\" data-id=\"3228919d\" data-element_type=\"column\" data-e-type=\"column\">\n\t\t\t<div class=\"elementor-widget-wrap elementor-element-populated\">\n\t\t\t\t\t\t<div class=\"elementor-element elementor-element-50eb9cd4 elementor-widget elementor-widget-text-editor\" data-id=\"50eb9cd4\" data-element_type=\"widget\" data-e-type=\"widget\" data-widget_type=\"text-editor.default\">\n\t\t\t\t<div class=\"elementor-widget-container\">\n\t\t\t\t\t\t\t\t\t<p style=\"text-align: center;\">Aqu\u00ed encontrar\u00e1s todos los productos que hacemos en La Isla de la Mariposa. Recuerda que todos ellos son artesanales, handmade, con mucho encanto. Adem\u00e1s, si tienes alguna idea&#8230; \u00a1No dudes en consultarnos!<\/p>\r\n<p style=\"text-align: center;\">Nuestro trabajo es hacer realidad tus sue\u00f1os<\/p>\t\t\t\t\t\t\t\t<\/div>\n\t\t\t\t<\/div>\n\t\t\t\t\t<\/div>\n\t\t<\/div>\n\t\t\t\t\t<\/div>\n\t\t<\/section>\n\t\t\t\t<section class=\"elementor-section elementor-top-section elementor-element elementor-element-af14ad4 elementor-section-boxed elementor-section-height-default elementor-section-height-default\" data-id=\"af14ad4\" data-element_type=\"section\" data-e-type=\"section\">\n\t\t\t\t\t\t<div class=\"elementor-container elementor-column-gap-default\">\n\t\t\t\t\t<div class=\"elementor-column elementor-col-100 elementor-top-column elementor-element elementor-element-ca37d34\" data-id=\"ca37d34\" data-element_type=\"column\" data-e-type=\"column\">\n\t\t\t<div class=\"elementor-widget-wrap elementor-element-populated\">\n\t\t\t\t\t\t<div class=\"elementor-element elementor-element-93d4c1e elementor-widget elementor-widget-wp-widget-woocommerce_product_categories\" data-id=\"93d4c1e\" data-element_type=\"widget\" data-e-type=\"widget\" data-widget_type=\"wp-widget-woocommerce_product_categories.default\">\n\t\t\t\t<div class=\"elementor-widget-container\">\n\t\t\t\t\t<h5>Categor\u00edas del producto<\/h5><select  name='product_cat' id='product_cat' class='dropdown_product_cat'>\n\t<option value='' selected='selected'>Selecciona una categor\u00eda<\/option>\n\t<option class=\"level-0\" value=\"accesorios\">Accesorios<\/option>\n\t<option class=\"level-1\" value=\"broches\">&nbsp;&nbsp;&nbsp;Broches<\/option>\n\t<option class=\"level-0\" value=\"bebes\">Beb\u00e9s y ni\u00f1os<\/option>\n\t<option class=\"level-0\" value=\"bisuteria\">Bisuter\u00eda<\/option>\n\t<option class=\"level-1\" value=\"collares\">&nbsp;&nbsp;&nbsp;Collares<\/option>\n\t<option class=\"level-1\" value=\"conjuntos-bisuteria\">&nbsp;&nbsp;&nbsp;Conjuntos<\/option>\n\t<option class=\"level-1\" value=\"pendientes\">&nbsp;&nbsp;&nbsp;Pendientes<\/option>\n\t<option class=\"level-0\" value=\"carteles-con-nombre\">Carteles con nombre<\/option>\n\t<option class=\"level-0\" value=\"cocina\">Cocina<\/option>\n\t<option class=\"level-0\" value=\"colegio\">Colegio<\/option>\n\t<option class=\"level-0\" value=\"complementos\">Complementos<\/option>\n\t<option class=\"level-0\" value=\"tela\">Complementos<\/option>\n\t<option class=\"level-1\" value=\"chicas\">&nbsp;&nbsp;&nbsp;Para chicas<\/option>\n\t<option class=\"level-2\" value=\"diademas\">&nbsp;&nbsp;&nbsp;&nbsp;&nbsp;&nbsp;Diademas<\/option>\n\t<option class=\"level-3\" value=\"dialis\">&nbsp;&nbsp;&nbsp;&nbsp;&nbsp;&nbsp;&nbsp;&nbsp;&nbsp;Diademas lisas<\/option>\n\t<option class=\"level-2\" value=\"turbantes\">&nbsp;&nbsp;&nbsp;&nbsp;&nbsp;&nbsp;Turbantes<\/option>\n\t<option class=\"level-3\" value=\"turest\">&nbsp;&nbsp;&nbsp;&nbsp;&nbsp;&nbsp;&nbsp;&nbsp;&nbsp;Turbantes estampados<\/option>\n\t<option class=\"level-3\" value=\"turblis\">&nbsp;&nbsp;&nbsp;&nbsp;&nbsp;&nbsp;&nbsp;&nbsp;&nbsp;Turbantes lisos<\/option>\n\t<option class=\"level-1\" value=\"chicachico\">&nbsp;&nbsp;&nbsp;Para chicas y chicos<\/option>\n\t<option class=\"level-1\" value=\"chicos\">&nbsp;&nbsp;&nbsp;Para chicos<\/option>\n\t<option class=\"level-0\" value=\"costura\">Costura<\/option>\n\t<option class=\"level-0\" value=\"cumpleanos\">Cumplea\u00f1os<\/option>\n\t<option class=\"level-1\" value=\"conjuntos-cumple\">&nbsp;&nbsp;&nbsp;Conjuntos<\/option>\n\t<option class=\"level-1\" value=\"farban\">&nbsp;&nbsp;&nbsp;Farolitos y banderines<\/option>\n\t<option class=\"level-0\" value=\"decoracion\">Decoraci\u00f3n<\/option>\n\t<option class=\"level-0\" value=\"juguetes-tradicionales\">Juguetes tradicionales<\/option>\n\t<option class=\"level-1\" value=\"caballeros\">&nbsp;&nbsp;&nbsp;Caballeros medievales<\/option>\n\t<option class=\"level-2\" value=\"conjuntos-caballeros\">&nbsp;&nbsp;&nbsp;&nbsp;&nbsp;&nbsp;Conjuntos<\/option>\n\t<option class=\"level-1\" value=\"marionetas\">&nbsp;&nbsp;&nbsp;Marionetas<\/option>\n\t<option class=\"level-2\" value=\"conjuntos-marionetas\">&nbsp;&nbsp;&nbsp;&nbsp;&nbsp;&nbsp;Conjuntos<\/option>\n\t<option class=\"level-2\" value=\"teatro-marionetas\">&nbsp;&nbsp;&nbsp;&nbsp;&nbsp;&nbsp;Teatrillo para marionetas<\/option>\n\t<option class=\"level-1\" value=\"munecas\">&nbsp;&nbsp;&nbsp;Mu\u00f1ecas, jugar a pap\u00e1s y mam\u00e1s<\/option>\n\t<option class=\"level-2\" value=\"conjuntos-munecas\">&nbsp;&nbsp;&nbsp;&nbsp;&nbsp;&nbsp;Conjuntos<\/option>\n\t<option class=\"level-0\" value=\"libretas_y_fundas\">Libretas y fundas<\/option>\n\t<option class=\"level-0\" value=\"masc\">Mascotas<\/option>\n\t<option class=\"level-0\" value=\"navidad\">Navidad<\/option>\n\t<option class=\"level-0\" value=\"papeleria\">Papeler\u00eda<\/option>\n\t<option class=\"level-1\" value=\"imanes\">&nbsp;&nbsp;&nbsp;Imanes<\/option>\n\t<option class=\"level-1\" value=\"laminas\">&nbsp;&nbsp;&nbsp;L\u00e1minas<\/option>\n\t<option class=\"level-1\" value=\"libretas\">&nbsp;&nbsp;&nbsp;Libretas y fundas<\/option>\n\t<option class=\"level-1\" value=\"tarjetas\">&nbsp;&nbsp;&nbsp;Tarjetas<\/option>\n\t<option class=\"level-0\" value=\"playa\">Playa<\/option>\n\t<option class=\"level-1\" value=\"compleplaya\">&nbsp;&nbsp;&nbsp;Complementos playeros<\/option>\n\t<option class=\"level-0\" value=\"religioso\">Religioso<\/option>\n\t<option class=\"level-1\" value=\"cruces\">&nbsp;&nbsp;&nbsp;Cruces<\/option>\n\t<option class=\"level-1\" value=\"iconos\">&nbsp;&nbsp;&nbsp;Iconos<\/option>\n\t<option class=\"level-1\" value=\"medirez\">&nbsp;&nbsp;&nbsp;Meditaci\u00f3n y rezo<\/option>\n\t<option class=\"level-0\" value=\"sillitas-tronas-mecedoras\">Sillitas, tronas y mecedoras<\/option>\n\t<option class=\"level-0\" value=\"sin-categorizar\">Sin categorizar<\/option>\n\t<option class=\"level-0\" value=\"toallas\">Toallas<\/option>\n<\/select>\n\t\t\t\t<\/div>\n\t\t\t\t<\/div>\n\t\t\t\t\t<\/div>\n\t\t<\/div>\n\t\t\t\t\t<\/div>\n\t\t<\/section>\n\t\t\t\t<section class=\"elementor-section elementor-top-section elementor-element elementor-element-bffe011 elementor-section-boxed elementor-section-height-default elementor-section-height-default\" data-id=\"bffe011\" data-element_type=\"section\" data-e-type=\"section\">\n\t\t\t\t\t\t<div class=\"elementor-container elementor-column-gap-default\">\n\t\t\t\t\t<div class=\"elementor-column elementor-col-100 elementor-top-column elementor-element elementor-element-6c29c99\" data-id=\"6c29c99\" data-element_type=\"column\" data-e-type=\"column\">\n\t\t\t<div class=\"elementor-widget-wrap elementor-element-populated\">\n\t\t\t\t\t\t<div class=\"elementor-element elementor-element-0b3d55b elementor-widget elementor-widget-wp-widget-woocommerce_product_search\" data-id=\"0b3d55b\" data-element_type=\"widget\" data-e-type=\"widget\" data-widget_type=\"wp-widget-woocommerce_product_search.default\">\n\t\t\t\t<div class=\"elementor-widget-container\">\n\t\t\t\t\t<h5>Busca el producto<\/h5><form role=\"search\" method=\"get\" class=\"woocommerce-product-search\" action=\"https:\/\/www.laisladelamariposa.com\/\">\n\t<label class=\"screen-reader-text\" for=\"woocommerce-product-search-field-0\">Buscar por:<\/label>\n\t<input type=\"search\" id=\"woocommerce-product-search-field-0\" class=\"search-field\" placeholder=\"Buscar productos&hellip;\" value=\"\" name=\"s\" \/>\n\t<button type=\"submit\" value=\"Buscar\" class=\"\">Buscar<\/button>\n\t<input type=\"hidden\" name=\"post_type\" value=\"product\" \/>\n<\/form>\n\t\t\t\t<\/div>\n\t\t\t\t<\/div>\n\t\t\t\t\t<\/div>\n\t\t<\/div>\n\t\t\t\t\t<\/div>\n\t\t<\/section>\n\t\t\t\t<\/div>\n\t\t","protected":false},"excerpt":{"rendered":"<p>Aqu\u00ed encontrar\u00e1s todos los productos que hacemos en La Isla de la Mariposa. Recuerda que todos ellos son artesanales, handmade, con mucho encanto. Adem\u00e1s, si tienes alguna idea&#8230; \u00a1No dudes en consultarnos! Nuestro trabajo es hacer realidad tus sue\u00f1os<\/p>\n","protected":false},"author":1,"featured_media":0,"parent":0,"menu_order":0,"comment_status":"closed","ping_status":"closed","template":"","meta":{"_editorskit_title_hidden":false,"_editorskit_reading_time":0,"_editorskit_is_block_options_detached":false,"_editorskit_block_options_position":"{}","_crdt_document":"","footnotes":""},"class_list":["post-52","page","type-page","status-publish","hentry"],"yoast_head":"<!-- This site is optimized with the Yoast SEO plugin v27.3 - https:\/\/yoast.com\/product\/yoast-seo-wordpress\/ -->\n<title>Productos - La Isla de la Mariposa<\/title>\n<meta name=\"robots\" content=\"index, follow, max-snippet:-1, max-image-preview:large, max-video-preview:-1\" \/>\n<link rel=\"canonical\" href=\"https:\/\/www.laisladelamariposa.com\/?page_id=52\" \/>\n<meta property=\"og:locale\" content=\"es_ES\" \/>\n<meta property=\"og:type\" content=\"article\" \/>\n<meta property=\"og:title\" content=\"Productos - La Isla de la Mariposa\" \/>\n<meta property=\"og:description\" content=\"Aqu\u00ed encontrar\u00e1s todos los productos que hacemos en La Isla de la Mariposa. Recuerda que todos ellos son artesanales, handmade, con mucho encanto. Adem\u00e1s, si tienes alguna idea&#8230; \u00a1No dudes en consultarnos! Nuestro trabajo es hacer realidad tus sue\u00f1os\" \/>\n<meta property=\"og:url\" content=\"https:\/\/www.laisladelamariposa.com\/?page_id=52\" \/>\n<meta property=\"og:site_name\" content=\"La Isla de la Mariposa\" \/>\n<meta property=\"article:modified_time\" content=\"2021-10-06T21:13:45+00:00\" \/>\n<meta property=\"og:image\" content=\"https:\/\/www.laisladelamariposa.com\/wp-content\/uploads\/2021\/10\/LOGO-512-TRANSPARENTE-CON-LETRA.png\" \/>\n\t<meta property=\"og:image:width\" content=\"512\" \/>\n\t<meta property=\"og:image:height\" content=\"512\" \/>\n\t<meta property=\"og:image:type\" content=\"image\/png\" \/>\n<meta name=\"twitter:card\" content=\"summary_large_image\" \/>\n<meta name=\"twitter:label1\" content=\"Tiempo de lectura\" \/>\n\t<meta name=\"twitter:data1\" content=\"1 minuto\" \/>\n<script type=\"application\/ld+json\" class=\"yoast-schema-graph\">{\"@context\":\"https:\\\/\\\/schema.org\",\"@graph\":[{\"@type\":\"WebPage\",\"@id\":\"https:\\\/\\\/www.laisladelamariposa.com\\\/?page_id=52\",\"url\":\"https:\\\/\\\/www.laisladelamariposa.com\\\/?page_id=52\",\"name\":\"Productos - La Isla de la Mariposa\",\"isPartOf\":{\"@id\":\"https:\\\/\\\/www.laisladelamariposa.com\\\/#website\"},\"datePublished\":\"2021-09-29T12:04:34+00:00\",\"dateModified\":\"2021-10-06T21:13:45+00:00\",\"breadcrumb\":{\"@id\":\"https:\\\/\\\/www.laisladelamariposa.com\\\/?page_id=52#breadcrumb\"},\"inLanguage\":\"es\",\"potentialAction\":[{\"@type\":\"ReadAction\",\"target\":[\"https:\\\/\\\/www.laisladelamariposa.com\\\/?page_id=52\"]}]},{\"@type\":\"BreadcrumbList\",\"@id\":\"https:\\\/\\\/www.laisladelamariposa.com\\\/?page_id=52#breadcrumb\",\"itemListElement\":[{\"@type\":\"ListItem\",\"position\":1,\"name\":\"Portada\",\"item\":\"https:\\\/\\\/www.laisladelamariposa.com\\\/\"},{\"@type\":\"ListItem\",\"position\":2,\"name\":\"Productos\"}]},{\"@type\":\"WebSite\",\"@id\":\"https:\\\/\\\/www.laisladelamariposa.com\\\/#website\",\"url\":\"https:\\\/\\\/www.laisladelamariposa.com\\\/\",\"name\":\"La Isla de la Mariposa\",\"description\":\"Rinconcito de arte, dise\u00f1o y artesan\u00eda.\",\"publisher\":{\"@id\":\"https:\\\/\\\/www.laisladelamariposa.com\\\/#organization\"},\"potentialAction\":[{\"@type\":\"SearchAction\",\"target\":{\"@type\":\"EntryPoint\",\"urlTemplate\":\"https:\\\/\\\/www.laisladelamariposa.com\\\/?s={search_term_string}\"},\"query-input\":{\"@type\":\"PropertyValueSpecification\",\"valueRequired\":true,\"valueName\":\"search_term_string\"}}],\"inLanguage\":\"es\"},{\"@type\":\"Organization\",\"@id\":\"https:\\\/\\\/www.laisladelamariposa.com\\\/#organization\",\"name\":\"La Isla de la Mariposa\",\"url\":\"https:\\\/\\\/www.laisladelamariposa.com\\\/\",\"logo\":{\"@type\":\"ImageObject\",\"inLanguage\":\"es\",\"@id\":\"https:\\\/\\\/www.laisladelamariposa.com\\\/#\\\/schema\\\/logo\\\/image\\\/\",\"url\":\"https:\\\/\\\/www.laisladelamariposa.com\\\/wp-content\\\/uploads\\\/2021\\\/12\\\/LOGO-FONDO-BLANCO.png\",\"contentUrl\":\"https:\\\/\\\/www.laisladelamariposa.com\\\/wp-content\\\/uploads\\\/2021\\\/12\\\/LOGO-FONDO-BLANCO.png\",\"width\":422,\"height\":422,\"caption\":\"La Isla de la Mariposa\"},\"image\":{\"@id\":\"https:\\\/\\\/www.laisladelamariposa.com\\\/#\\\/schema\\\/logo\\\/image\\\/\"}}]}<\/script>\n<!-- \/ Yoast SEO plugin. -->","yoast_head_json":{"title":"Productos - La Isla de la Mariposa","robots":{"index":"index","follow":"follow","max-snippet":"max-snippet:-1","max-image-preview":"max-image-preview:large","max-video-preview":"max-video-preview:-1"},"canonical":"https:\/\/www.laisladelamariposa.com\/?page_id=52","og_locale":"es_ES","og_type":"article","og_title":"Productos - La Isla de la Mariposa","og_description":"Aqu\u00ed encontrar\u00e1s todos los productos que hacemos en La Isla de la Mariposa. Recuerda que todos ellos son artesanales, handmade, con mucho encanto. Adem\u00e1s, si tienes alguna idea&#8230; \u00a1No dudes en consultarnos! Nuestro trabajo es hacer realidad tus sue\u00f1os","og_url":"https:\/\/www.laisladelamariposa.com\/?page_id=52","og_site_name":"La Isla de la Mariposa","article_modified_time":"2021-10-06T21:13:45+00:00","og_image":[{"width":512,"height":512,"url":"https:\/\/www.laisladelamariposa.com\/wp-content\/uploads\/2021\/10\/LOGO-512-TRANSPARENTE-CON-LETRA.png","type":"image\/png"}],"twitter_card":"summary_large_image","twitter_misc":{"Tiempo de lectura":"1 minuto"},"schema":{"@context":"https:\/\/schema.org","@graph":[{"@type":"WebPage","@id":"https:\/\/www.laisladelamariposa.com\/?page_id=52","url":"https:\/\/www.laisladelamariposa.com\/?page_id=52","name":"Productos - La Isla de la Mariposa","isPartOf":{"@id":"https:\/\/www.laisladelamariposa.com\/#website"},"datePublished":"2021-09-29T12:04:34+00:00","dateModified":"2021-10-06T21:13:45+00:00","breadcrumb":{"@id":"https:\/\/www.laisladelamariposa.com\/?page_id=52#breadcrumb"},"inLanguage":"es","potentialAction":[{"@type":"ReadAction","target":["https:\/\/www.laisladelamariposa.com\/?page_id=52"]}]},{"@type":"BreadcrumbList","@id":"https:\/\/www.laisladelamariposa.com\/?page_id=52#breadcrumb","itemListElement":[{"@type":"ListItem","position":1,"name":"Portada","item":"https:\/\/www.laisladelamariposa.com\/"},{"@type":"ListItem","position":2,"name":"Productos"}]},{"@type":"WebSite","@id":"https:\/\/www.laisladelamariposa.com\/#website","url":"https:\/\/www.laisladelamariposa.com\/","name":"La Isla de la Mariposa","description":"Rinconcito de arte, dise\u00f1o y artesan\u00eda.","publisher":{"@id":"https:\/\/www.laisladelamariposa.com\/#organization"},"potentialAction":[{"@type":"SearchAction","target":{"@type":"EntryPoint","urlTemplate":"https:\/\/www.laisladelamariposa.com\/?s={search_term_string}"},"query-input":{"@type":"PropertyValueSpecification","valueRequired":true,"valueName":"search_term_string"}}],"inLanguage":"es"},{"@type":"Organization","@id":"https:\/\/www.laisladelamariposa.com\/#organization","name":"La Isla de la Mariposa","url":"https:\/\/www.laisladelamariposa.com\/","logo":{"@type":"ImageObject","inLanguage":"es","@id":"https:\/\/www.laisladelamariposa.com\/#\/schema\/logo\/image\/","url":"https:\/\/www.laisladelamariposa.com\/wp-content\/uploads\/2021\/12\/LOGO-FONDO-BLANCO.png","contentUrl":"https:\/\/www.laisladelamariposa.com\/wp-content\/uploads\/2021\/12\/LOGO-FONDO-BLANCO.png","width":422,"height":422,"caption":"La Isla de la Mariposa"},"image":{"@id":"https:\/\/www.laisladelamariposa.com\/#\/schema\/logo\/image\/"}}]}},"_links":{"self":[{"href":"https:\/\/www.laisladelamariposa.com\/index.php?rest_route=\/wp\/v2\/pages\/52","targetHints":{"allow":["GET"]}}],"collection":[{"href":"https:\/\/www.laisladelamariposa.com\/index.php?rest_route=\/wp\/v2\/pages"}],"about":[{"href":"https:\/\/www.laisladelamariposa.com\/index.php?rest_route=\/wp\/v2\/types\/page"}],"author":[{"embeddable":true,"href":"https:\/\/www.laisladelamariposa.com\/index.php?rest_route=\/wp\/v2\/users\/1"}],"replies":[{"embeddable":true,"href":"https:\/\/www.laisladelamariposa.com\/index.php?rest_route=%2Fwp%2Fv2%2Fcomments&post=52"}],"version-history":[{"count":18,"href":"https:\/\/www.laisladelamariposa.com\/index.php?rest_route=\/wp\/v2\/pages\/52\/revisions"}],"predecessor-version":[{"id":7813,"href":"https:\/\/www.laisladelamariposa.com\/index.php?rest_route=\/wp\/v2\/pages\/52\/revisions\/7813"}],"wp:attachment":[{"href":"https:\/\/www.laisladelamariposa.com\/index.php?rest_route=%2Fwp%2Fv2%2Fmedia&parent=52"}],"curies":[{"name":"wp","href":"https:\/\/api.w.org\/{rel}","templated":true}]}}