{"id":54,"date":"2021-09-29T12:04:34","date_gmt":"2021-09-29T12:04:34","guid":{"rendered":"https:\/\/www.laisladelamariposa.com\/?page_id=54"},"modified":"2021-12-16T15:52:52","modified_gmt":"2021-12-16T15:52:52","slug":"sobre-mi","status":"publish","type":"page","link":"https:\/\/www.laisladelamariposa.com\/?page_id=54","title":{"rendered":"Sobre m\u00ed"},"content":{"rendered":"<figure id=\"attachment_9476\" aria-describedby=\"caption-attachment-9476\" style=\"width: 266px\" class=\"wp-caption aligncenter\"><img fetchpriority=\"high\" decoding=\"async\" class=\"wp-image-9476\" src=\"https:\/\/www.laisladelamariposa.com\/wp-content\/uploads\/2021\/12\/HELEN-200x300.jpg\" alt=\"\" width=\"266\" height=\"399\" srcset=\"https:\/\/www.laisladelamariposa.com\/wp-content\/uploads\/2021\/12\/HELEN-200x300.jpg 200w, https:\/\/www.laisladelamariposa.com\/wp-content\/uploads\/2021\/12\/HELEN-683x1024.jpg 683w, https:\/\/www.laisladelamariposa.com\/wp-content\/uploads\/2021\/12\/HELEN-768x1152.jpg 768w, https:\/\/www.laisladelamariposa.com\/wp-content\/uploads\/2021\/12\/HELEN-600x900.jpg 600w, https:\/\/www.laisladelamariposa.com\/wp-content\/uploads\/2021\/12\/HELEN.jpg 1000w\" sizes=\"(max-width: 266px) 100vw, 266px\" \/><figcaption id=\"caption-attachment-9476\" class=\"wp-caption-text\">Elena Bet\u00e9s<\/figcaption><\/figure>\n<p><strong>Elena<\/strong> dibujaba desde peque\u00f1a en cualquier trocito de papel, o inventaba una manualidad, o cos\u00eda&#8230; Creaba desde su silencio y su mirada perdida en la selecci\u00f3n de colores y trazos que, en pocos minutos, compon\u00edan belleza.<\/p>\n<p>Y as\u00ed creci\u00f3, desarrollando esa vocaci\u00f3n que le susurraba su alma. Como buena creativa, pod\u00eda estar ratos en soledad canalizando artes. Estudi\u00f3 t\u00e9cnicas y todo tipo de recursos para afinar sus creaciones en su carrera universitaria y, fiel a su libertad para crear, decidi\u00f3 trabajar por su cuenta para permitirse abrir sus alas sin obst\u00e1culos que limitaran su vuelo.<\/p>\n<p>Elena tuvo la valent\u00eda de decidir trabajar en aquello que le gustaba, que le apasionaba, que le hac\u00eda perder la noci\u00f3n del tiempo y sumergirse en el aqu\u00ed y ahora. Por eso, crea desde la dulzura, desde la belleza, desde el cuidado. Sus creaciones est\u00e1n tocadas por su vitalidad natural, por el afecto de sus manos, por la creatividad de su esencia, por la sensualidad y sutileza como mujer, y por la trascendencia de impregnar de amor cosas materiales que nos acompa\u00f1an.<\/p>\n<p>Elena, simplemente, sabe darle voz a su sentir y proyectarla. Y seguir\u00e1 haci\u00e9ndolo durante mucho, mucho tiempo.<\/p>\n<p>Por todo eso, te invitamos a regalar cositas hechas con <strong>Amor<\/strong>.<\/p>\n<p style=\"text-align: right;\"><strong>Ta, te quiero y me encanta como eres,<\/strong><\/p>\n<p style=\"text-align: right;\"><strong>Kety<\/strong><\/p>\n","protected":false},"excerpt":{"rendered":"<p>Elena dibujaba desde peque\u00f1a en cualquier trocito de papel, o inventaba una manualidad, o cos\u00eda&#8230; Creaba desde su silencio y su mirada perdida en la selecci\u00f3n de colores y trazos que, en pocos minutos, compon\u00edan belleza. Y as\u00ed creci\u00f3, desarrollando esa vocaci\u00f3n que le susurraba su alma. Como buena creativa, pod\u00eda estar ratos en soledad<a class=\"more-link\" href=\"https:\/\/www.laisladelamariposa.com\/?page_id=54\">Ver m\u00e1s  &#10230;<\/a><\/p>\n","protected":false},"author":1,"featured_media":0,"parent":0,"menu_order":0,"comment_status":"closed","ping_status":"closed","template":"","meta":{"_editorskit_title_hidden":false,"_editorskit_reading_time":0,"_editorskit_is_block_options_detached":false,"_editorskit_block_options_position":"{}","_crdt_document":"","footnotes":""},"class_list":["post-54","page","type-page","status-publish","hentry"],"yoast_head":"<!-- This site is optimized with the Yoast SEO plugin v27.4 - https:\/\/yoast.com\/product\/yoast-seo-wordpress\/ -->\n<title>Sobre m\u00ed - La Isla de la Mariposa<\/title>\n<meta name=\"robots\" content=\"index, follow, max-snippet:-1, max-image-preview:large, max-video-preview:-1\" \/>\n<link rel=\"canonical\" href=\"https:\/\/www.laisladelamariposa.com\/?page_id=54\" \/>\n<meta property=\"og:locale\" content=\"es_ES\" \/>\n<meta property=\"og:type\" content=\"article\" \/>\n<meta property=\"og:title\" content=\"Sobre m\u00ed - La Isla de la Mariposa\" \/>\n<meta property=\"og:description\" content=\"Elena dibujaba desde peque\u00f1a en cualquier trocito de papel, o inventaba una manualidad, o cos\u00eda&#8230; Creaba desde su silencio y su mirada perdida en la selecci\u00f3n de colores y trazos que, en pocos minutos, compon\u00edan belleza. Y as\u00ed creci\u00f3, desarrollando esa vocaci\u00f3n que le susurraba su alma. Como buena creativa, pod\u00eda estar ratos en soledadVer m\u00e1s &#10230;\" \/>\n<meta property=\"og:url\" content=\"https:\/\/www.laisladelamariposa.com\/?page_id=54\" \/>\n<meta property=\"og:site_name\" content=\"La Isla de la Mariposa\" \/>\n<meta property=\"article:modified_time\" content=\"2021-12-16T15:52:52+00:00\" \/>\n<meta property=\"og:image\" content=\"https:\/\/www.laisladelamariposa.com\/wp-content\/uploads\/2021\/12\/HELEN-200x300.jpg\" \/>\n<meta name=\"twitter:card\" content=\"summary_large_image\" \/>\n<meta name=\"twitter:label1\" content=\"Tiempo de lectura\" \/>\n\t<meta name=\"twitter:data1\" content=\"2 minutos\" \/>\n<script type=\"application\/ld+json\" class=\"yoast-schema-graph\">{\"@context\":\"https:\\\/\\\/schema.org\",\"@graph\":[{\"@type\":\"WebPage\",\"@id\":\"https:\\\/\\\/www.laisladelamariposa.com\\\/?page_id=54\",\"url\":\"https:\\\/\\\/www.laisladelamariposa.com\\\/?page_id=54\",\"name\":\"Sobre m\u00ed - La Isla de la Mariposa\",\"isPartOf\":{\"@id\":\"https:\\\/\\\/www.laisladelamariposa.com\\\/#website\"},\"primaryImageOfPage\":{\"@id\":\"https:\\\/\\\/www.laisladelamariposa.com\\\/?page_id=54#primaryimage\"},\"image\":{\"@id\":\"https:\\\/\\\/www.laisladelamariposa.com\\\/?page_id=54#primaryimage\"},\"thumbnailUrl\":\"https:\\\/\\\/www.laisladelamariposa.com\\\/wp-content\\\/uploads\\\/2021\\\/12\\\/HELEN-200x300.jpg\",\"datePublished\":\"2021-09-29T12:04:34+00:00\",\"dateModified\":\"2021-12-16T15:52:52+00:00\",\"breadcrumb\":{\"@id\":\"https:\\\/\\\/www.laisladelamariposa.com\\\/?page_id=54#breadcrumb\"},\"inLanguage\":\"es\",\"potentialAction\":[{\"@type\":\"ReadAction\",\"target\":[\"https:\\\/\\\/www.laisladelamariposa.com\\\/?page_id=54\"]}]},{\"@type\":\"ImageObject\",\"inLanguage\":\"es\",\"@id\":\"https:\\\/\\\/www.laisladelamariposa.com\\\/?page_id=54#primaryimage\",\"url\":\"https:\\\/\\\/www.laisladelamariposa.com\\\/wp-content\\\/uploads\\\/2021\\\/12\\\/HELEN.jpg\",\"contentUrl\":\"https:\\\/\\\/www.laisladelamariposa.com\\\/wp-content\\\/uploads\\\/2021\\\/12\\\/HELEN.jpg\",\"width\":1000,\"height\":1500},{\"@type\":\"BreadcrumbList\",\"@id\":\"https:\\\/\\\/www.laisladelamariposa.com\\\/?page_id=54#breadcrumb\",\"itemListElement\":[{\"@type\":\"ListItem\",\"position\":1,\"name\":\"Portada\",\"item\":\"https:\\\/\\\/www.laisladelamariposa.com\\\/\"},{\"@type\":\"ListItem\",\"position\":2,\"name\":\"Sobre m\u00ed\"}]},{\"@type\":\"WebSite\",\"@id\":\"https:\\\/\\\/www.laisladelamariposa.com\\\/#website\",\"url\":\"https:\\\/\\\/www.laisladelamariposa.com\\\/\",\"name\":\"La Isla de la Mariposa\",\"description\":\"Rinconcito de arte, dise\u00f1o y artesan\u00eda.\",\"publisher\":{\"@id\":\"https:\\\/\\\/www.laisladelamariposa.com\\\/#organization\"},\"potentialAction\":[{\"@type\":\"SearchAction\",\"target\":{\"@type\":\"EntryPoint\",\"urlTemplate\":\"https:\\\/\\\/www.laisladelamariposa.com\\\/?s={search_term_string}\"},\"query-input\":{\"@type\":\"PropertyValueSpecification\",\"valueRequired\":true,\"valueName\":\"search_term_string\"}}],\"inLanguage\":\"es\"},{\"@type\":\"Organization\",\"@id\":\"https:\\\/\\\/www.laisladelamariposa.com\\\/#organization\",\"name\":\"La Isla de la Mariposa\",\"url\":\"https:\\\/\\\/www.laisladelamariposa.com\\\/\",\"logo\":{\"@type\":\"ImageObject\",\"inLanguage\":\"es\",\"@id\":\"https:\\\/\\\/www.laisladelamariposa.com\\\/#\\\/schema\\\/logo\\\/image\\\/\",\"url\":\"https:\\\/\\\/www.laisladelamariposa.com\\\/wp-content\\\/uploads\\\/2021\\\/12\\\/LOGO-FONDO-BLANCO.png\",\"contentUrl\":\"https:\\\/\\\/www.laisladelamariposa.com\\\/wp-content\\\/uploads\\\/2021\\\/12\\\/LOGO-FONDO-BLANCO.png\",\"width\":422,\"height\":422,\"caption\":\"La Isla de la Mariposa\"},\"image\":{\"@id\":\"https:\\\/\\\/www.laisladelamariposa.com\\\/#\\\/schema\\\/logo\\\/image\\\/\"}}]}<\/script>\n<!-- \/ Yoast SEO plugin. -->","yoast_head_json":{"title":"Sobre m\u00ed - La Isla de la Mariposa","robots":{"index":"index","follow":"follow","max-snippet":"max-snippet:-1","max-image-preview":"max-image-preview:large","max-video-preview":"max-video-preview:-1"},"canonical":"https:\/\/www.laisladelamariposa.com\/?page_id=54","og_locale":"es_ES","og_type":"article","og_title":"Sobre m\u00ed - La Isla de la Mariposa","og_description":"Elena dibujaba desde peque\u00f1a en cualquier trocito de papel, o inventaba una manualidad, o cos\u00eda&#8230; Creaba desde su silencio y su mirada perdida en la selecci\u00f3n de colores y trazos que, en pocos minutos, compon\u00edan belleza. Y as\u00ed creci\u00f3, desarrollando esa vocaci\u00f3n que le susurraba su alma. Como buena creativa, pod\u00eda estar ratos en soledadVer m\u00e1s &#10230;","og_url":"https:\/\/www.laisladelamariposa.com\/?page_id=54","og_site_name":"La Isla de la Mariposa","article_modified_time":"2021-12-16T15:52:52+00:00","og_image":[{"url":"https:\/\/www.laisladelamariposa.com\/wp-content\/uploads\/2021\/12\/HELEN-200x300.jpg","type":"","width":"","height":""}],"twitter_card":"summary_large_image","twitter_misc":{"Tiempo de lectura":"2 minutos"},"schema":{"@context":"https:\/\/schema.org","@graph":[{"@type":"WebPage","@id":"https:\/\/www.laisladelamariposa.com\/?page_id=54","url":"https:\/\/www.laisladelamariposa.com\/?page_id=54","name":"Sobre m\u00ed - La Isla de la Mariposa","isPartOf":{"@id":"https:\/\/www.laisladelamariposa.com\/#website"},"primaryImageOfPage":{"@id":"https:\/\/www.laisladelamariposa.com\/?page_id=54#primaryimage"},"image":{"@id":"https:\/\/www.laisladelamariposa.com\/?page_id=54#primaryimage"},"thumbnailUrl":"https:\/\/www.laisladelamariposa.com\/wp-content\/uploads\/2021\/12\/HELEN-200x300.jpg","datePublished":"2021-09-29T12:04:34+00:00","dateModified":"2021-12-16T15:52:52+00:00","breadcrumb":{"@id":"https:\/\/www.laisladelamariposa.com\/?page_id=54#breadcrumb"},"inLanguage":"es","potentialAction":[{"@type":"ReadAction","target":["https:\/\/www.laisladelamariposa.com\/?page_id=54"]}]},{"@type":"ImageObject","inLanguage":"es","@id":"https:\/\/www.laisladelamariposa.com\/?page_id=54#primaryimage","url":"https:\/\/www.laisladelamariposa.com\/wp-content\/uploads\/2021\/12\/HELEN.jpg","contentUrl":"https:\/\/www.laisladelamariposa.com\/wp-content\/uploads\/2021\/12\/HELEN.jpg","width":1000,"height":1500},{"@type":"BreadcrumbList","@id":"https:\/\/www.laisladelamariposa.com\/?page_id=54#breadcrumb","itemListElement":[{"@type":"ListItem","position":1,"name":"Portada","item":"https:\/\/www.laisladelamariposa.com\/"},{"@type":"ListItem","position":2,"name":"Sobre m\u00ed"}]},{"@type":"WebSite","@id":"https:\/\/www.laisladelamariposa.com\/#website","url":"https:\/\/www.laisladelamariposa.com\/","name":"La Isla de la Mariposa","description":"Rinconcito de arte, dise\u00f1o y artesan\u00eda.","publisher":{"@id":"https:\/\/www.laisladelamariposa.com\/#organization"},"potentialAction":[{"@type":"SearchAction","target":{"@type":"EntryPoint","urlTemplate":"https:\/\/www.laisladelamariposa.com\/?s={search_term_string}"},"query-input":{"@type":"PropertyValueSpecification","valueRequired":true,"valueName":"search_term_string"}}],"inLanguage":"es"},{"@type":"Organization","@id":"https:\/\/www.laisladelamariposa.com\/#organization","name":"La Isla de la Mariposa","url":"https:\/\/www.laisladelamariposa.com\/","logo":{"@type":"ImageObject","inLanguage":"es","@id":"https:\/\/www.laisladelamariposa.com\/#\/schema\/logo\/image\/","url":"https:\/\/www.laisladelamariposa.com\/wp-content\/uploads\/2021\/12\/LOGO-FONDO-BLANCO.png","contentUrl":"https:\/\/www.laisladelamariposa.com\/wp-content\/uploads\/2021\/12\/LOGO-FONDO-BLANCO.png","width":422,"height":422,"caption":"La Isla de la Mariposa"},"image":{"@id":"https:\/\/www.laisladelamariposa.com\/#\/schema\/logo\/image\/"}}]}},"_links":{"self":[{"href":"https:\/\/www.laisladelamariposa.com\/index.php?rest_route=\/wp\/v2\/pages\/54","targetHints":{"allow":["GET"]}}],"collection":[{"href":"https:\/\/www.laisladelamariposa.com\/index.php?rest_route=\/wp\/v2\/pages"}],"about":[{"href":"https:\/\/www.laisladelamariposa.com\/index.php?rest_route=\/wp\/v2\/types\/page"}],"author":[{"embeddable":true,"href":"https:\/\/www.laisladelamariposa.com\/index.php?rest_route=\/wp\/v2\/users\/1"}],"replies":[{"embeddable":true,"href":"https:\/\/www.laisladelamariposa.com\/index.php?rest_route=%2Fwp%2Fv2%2Fcomments&post=54"}],"version-history":[{"count":7,"href":"https:\/\/www.laisladelamariposa.com\/index.php?rest_route=\/wp\/v2\/pages\/54\/revisions"}],"predecessor-version":[{"id":9479,"href":"https:\/\/www.laisladelamariposa.com\/index.php?rest_route=\/wp\/v2\/pages\/54\/revisions\/9479"}],"wp:attachment":[{"href":"https:\/\/www.laisladelamariposa.com\/index.php?rest_route=%2Fwp%2Fv2%2Fmedia&parent=54"}],"curies":[{"name":"wp","href":"https:\/\/api.w.org\/{rel}","templated":true}]}}