{"id":55,"date":"2021-09-29T12:04:34","date_gmt":"2021-09-29T12:04:34","guid":{"rendered":"https:\/\/www.laisladelamariposa.com\/?page_id=55"},"modified":"2021-12-16T11:07:16","modified_gmt":"2021-12-16T11:07:16","slug":"como-comprar","status":"publish","type":"page","link":"https:\/\/www.laisladelamariposa.com\/?page_id=55","title":{"rendered":"C\u00f3mo comprar"},"content":{"rendered":"<p>&nbsp;<\/p>\n<p><img decoding=\"async\" class=\" wp-image-7598 aligncenter\" src=\"https:\/\/www.laisladelamariposa.com\/wp-content\/uploads\/2021\/10\/Blank-2000-x-2000-300x300.png\" alt=\"delivery\" width=\"192\" height=\"192\" srcset=\"https:\/\/www.laisladelamariposa.com\/wp-content\/uploads\/2021\/10\/Blank-2000-x-2000-300x300.png 300w, https:\/\/www.laisladelamariposa.com\/wp-content\/uploads\/2021\/10\/Blank-2000-x-2000-1024x1024.png 1024w, https:\/\/www.laisladelamariposa.com\/wp-content\/uploads\/2021\/10\/Blank-2000-x-2000-150x150.png 150w, https:\/\/www.laisladelamariposa.com\/wp-content\/uploads\/2021\/10\/Blank-2000-x-2000-768x768.png 768w, https:\/\/www.laisladelamariposa.com\/wp-content\/uploads\/2021\/10\/Blank-2000-x-2000-1536x1536.png 1536w, https:\/\/www.laisladelamariposa.com\/wp-content\/uploads\/2021\/10\/Blank-2000-x-2000-600x600.png 600w, https:\/\/www.laisladelamariposa.com\/wp-content\/uploads\/2021\/10\/Blank-2000-x-2000.png 2000w\" sizes=\"(max-width: 192px) 100vw, 192px\" \/><\/p>\n<p>&nbsp;<\/p>\n<p style=\"text-align: center;\"><strong>Te podemos enviar tu pedido a cualquier parte del mundo. Solo tienes que seguir estos sencillos pasos:<\/strong><\/p>\n<p>1.- Env\u00edanos un WhatsApp al <a href=\"https:\/\/api.whatsapp.com\/send?phone=34680354346\"><strong>680354346<\/strong><\/a> con tu petici\u00f3n de presupuesto indicando la cantidad, el producto y el modelo que deseas, o directamente puedes llamar.<\/p>\n<p>2.- Te enviamos un\u00a0<strong>presupuesto<\/strong> que incluye los gastos de env\u00edo a la direcci\u00f3n electr\u00f3nica que nos indiques, y la fecha para la que estar\u00e1 preparado el pedido en caso de conformidad.<\/p>\n<p>3.- En caso de conformidad se realiza una transferencia a nombre de Elena Bet\u00e9s Rodr\u00edguez a la cuenta que se le dar\u00e1 con el presupuesto, \u00a0indicando en el asunto el n\u00famero de presupuesto.<\/p>\n<p>Y se env\u00eda el justificante a Elena Bet\u00e9s junto con la\u00a0<strong>direcci\u00f3n<\/strong>\u00a0a la que hay que enviar el pedido y un\u00a0<strong>tel\u00e9fono de contacto.<\/strong><\/p>\n<p>4.-\u00a0<strong>Te env\u00edamos tu pedido avis\u00e1ndote que ya ha salido de nuestra tienda.<\/strong><\/p>\n<p>Si quieres m\u00e1s informaci\u00f3n ll\u00e1manos o env\u00edanos un WhatsApp al <strong>680354346<\/strong><\/p>\n","protected":false},"excerpt":{"rendered":"<p>&nbsp; &nbsp; Te podemos enviar tu pedido a cualquier parte del mundo. Solo tienes que seguir estos sencillos pasos: 1.- Env\u00edanos un WhatsApp al 680354346 con tu petici\u00f3n de presupuesto indicando la cantidad, el producto y el modelo que deseas, o directamente puedes llamar. 2.- Te enviamos un\u00a0presupuesto que incluye los gastos de env\u00edo a<a class=\"more-link\" href=\"https:\/\/www.laisladelamariposa.com\/?page_id=55\">Ver m\u00e1s  &#10230;<\/a><\/p>\n","protected":false},"author":1,"featured_media":0,"parent":0,"menu_order":0,"comment_status":"closed","ping_status":"closed","template":"","meta":{"_editorskit_title_hidden":false,"_editorskit_reading_time":0,"_editorskit_is_block_options_detached":false,"_editorskit_block_options_position":"{}","_crdt_document":"","footnotes":""},"class_list":["post-55","page","type-page","status-publish","hentry"],"yoast_head":"<!-- This site is optimized with the Yoast SEO plugin v27.5 - https:\/\/yoast.com\/product\/yoast-seo-wordpress\/ -->\n<title>C\u00f3mo comprar - La Isla de la Mariposa<\/title>\n<meta name=\"robots\" content=\"index, follow, max-snippet:-1, max-image-preview:large, max-video-preview:-1\" \/>\n<link rel=\"canonical\" href=\"https:\/\/www.laisladelamariposa.com\/?page_id=55\" \/>\n<meta property=\"og:locale\" content=\"es_ES\" \/>\n<meta property=\"og:type\" content=\"article\" \/>\n<meta property=\"og:title\" content=\"C\u00f3mo comprar - La Isla de la Mariposa\" \/>\n<meta property=\"og:description\" content=\"&nbsp; &nbsp; Te podemos enviar tu pedido a cualquier parte del mundo. Solo tienes que seguir estos sencillos pasos: 1.- Env\u00edanos un WhatsApp al 680354346 con tu petici\u00f3n de presupuesto indicando la cantidad, el producto y el modelo que deseas, o directamente puedes llamar. 2.- Te enviamos un\u00a0presupuesto que incluye los gastos de env\u00edo aVer m\u00e1s &#10230;\" \/>\n<meta property=\"og:url\" content=\"https:\/\/www.laisladelamariposa.com\/?page_id=55\" \/>\n<meta property=\"og:site_name\" content=\"La Isla de la Mariposa\" \/>\n<meta property=\"article:modified_time\" content=\"2021-12-16T11:07:16+00:00\" \/>\n<meta property=\"og:image\" content=\"https:\/\/www.laisladelamariposa.com\/wp-content\/uploads\/2021\/10\/Blank-2000-x-2000-300x300.png\" \/>\n<meta name=\"twitter:card\" content=\"summary_large_image\" \/>\n<meta name=\"twitter:label1\" content=\"Tiempo de lectura\" \/>\n\t<meta name=\"twitter:data1\" content=\"1 minuto\" \/>\n<script type=\"application\/ld+json\" class=\"yoast-schema-graph\">{\"@context\":\"https:\\\/\\\/schema.org\",\"@graph\":[{\"@type\":\"WebPage\",\"@id\":\"https:\\\/\\\/www.laisladelamariposa.com\\\/?page_id=55\",\"url\":\"https:\\\/\\\/www.laisladelamariposa.com\\\/?page_id=55\",\"name\":\"C\u00f3mo comprar - La Isla de la Mariposa\",\"isPartOf\":{\"@id\":\"https:\\\/\\\/www.laisladelamariposa.com\\\/#website\"},\"primaryImageOfPage\":{\"@id\":\"https:\\\/\\\/www.laisladelamariposa.com\\\/?page_id=55#primaryimage\"},\"image\":{\"@id\":\"https:\\\/\\\/www.laisladelamariposa.com\\\/?page_id=55#primaryimage\"},\"thumbnailUrl\":\"https:\\\/\\\/www.laisladelamariposa.com\\\/wp-content\\\/uploads\\\/2021\\\/10\\\/Blank-2000-x-2000-300x300.png\",\"datePublished\":\"2021-09-29T12:04:34+00:00\",\"dateModified\":\"2021-12-16T11:07:16+00:00\",\"breadcrumb\":{\"@id\":\"https:\\\/\\\/www.laisladelamariposa.com\\\/?page_id=55#breadcrumb\"},\"inLanguage\":\"es\",\"potentialAction\":[{\"@type\":\"ReadAction\",\"target\":[\"https:\\\/\\\/www.laisladelamariposa.com\\\/?page_id=55\"]}]},{\"@type\":\"ImageObject\",\"inLanguage\":\"es\",\"@id\":\"https:\\\/\\\/www.laisladelamariposa.com\\\/?page_id=55#primaryimage\",\"url\":\"https:\\\/\\\/www.laisladelamariposa.com\\\/wp-content\\\/uploads\\\/2021\\\/10\\\/Blank-2000-x-2000.png\",\"contentUrl\":\"https:\\\/\\\/www.laisladelamariposa.com\\\/wp-content\\\/uploads\\\/2021\\\/10\\\/Blank-2000-x-2000.png\",\"width\":2000,\"height\":2000,\"caption\":\"delivery\"},{\"@type\":\"BreadcrumbList\",\"@id\":\"https:\\\/\\\/www.laisladelamariposa.com\\\/?page_id=55#breadcrumb\",\"itemListElement\":[{\"@type\":\"ListItem\",\"position\":1,\"name\":\"Portada\",\"item\":\"https:\\\/\\\/www.laisladelamariposa.com\\\/\"},{\"@type\":\"ListItem\",\"position\":2,\"name\":\"C\u00f3mo comprar\"}]},{\"@type\":\"WebSite\",\"@id\":\"https:\\\/\\\/www.laisladelamariposa.com\\\/#website\",\"url\":\"https:\\\/\\\/www.laisladelamariposa.com\\\/\",\"name\":\"La Isla de la Mariposa\",\"description\":\"Rinconcito de arte, dise\u00f1o y artesan\u00eda.\",\"publisher\":{\"@id\":\"https:\\\/\\\/www.laisladelamariposa.com\\\/#organization\"},\"potentialAction\":[{\"@type\":\"SearchAction\",\"target\":{\"@type\":\"EntryPoint\",\"urlTemplate\":\"https:\\\/\\\/www.laisladelamariposa.com\\\/?s={search_term_string}\"},\"query-input\":{\"@type\":\"PropertyValueSpecification\",\"valueRequired\":true,\"valueName\":\"search_term_string\"}}],\"inLanguage\":\"es\"},{\"@type\":\"Organization\",\"@id\":\"https:\\\/\\\/www.laisladelamariposa.com\\\/#organization\",\"name\":\"La Isla de la Mariposa\",\"url\":\"https:\\\/\\\/www.laisladelamariposa.com\\\/\",\"logo\":{\"@type\":\"ImageObject\",\"inLanguage\":\"es\",\"@id\":\"https:\\\/\\\/www.laisladelamariposa.com\\\/#\\\/schema\\\/logo\\\/image\\\/\",\"url\":\"https:\\\/\\\/www.laisladelamariposa.com\\\/wp-content\\\/uploads\\\/2021\\\/12\\\/LOGO-FONDO-BLANCO.png\",\"contentUrl\":\"https:\\\/\\\/www.laisladelamariposa.com\\\/wp-content\\\/uploads\\\/2021\\\/12\\\/LOGO-FONDO-BLANCO.png\",\"width\":422,\"height\":422,\"caption\":\"La Isla de la Mariposa\"},\"image\":{\"@id\":\"https:\\\/\\\/www.laisladelamariposa.com\\\/#\\\/schema\\\/logo\\\/image\\\/\"}}]}<\/script>\n<!-- \/ Yoast SEO plugin. -->","yoast_head_json":{"title":"C\u00f3mo comprar - La Isla de la Mariposa","robots":{"index":"index","follow":"follow","max-snippet":"max-snippet:-1","max-image-preview":"max-image-preview:large","max-video-preview":"max-video-preview:-1"},"canonical":"https:\/\/www.laisladelamariposa.com\/?page_id=55","og_locale":"es_ES","og_type":"article","og_title":"C\u00f3mo comprar - La Isla de la Mariposa","og_description":"&nbsp; &nbsp; Te podemos enviar tu pedido a cualquier parte del mundo. Solo tienes que seguir estos sencillos pasos: 1.- Env\u00edanos un WhatsApp al 680354346 con tu petici\u00f3n de presupuesto indicando la cantidad, el producto y el modelo que deseas, o directamente puedes llamar. 2.- Te enviamos un\u00a0presupuesto que incluye los gastos de env\u00edo aVer m\u00e1s &#10230;","og_url":"https:\/\/www.laisladelamariposa.com\/?page_id=55","og_site_name":"La Isla de la Mariposa","article_modified_time":"2021-12-16T11:07:16+00:00","og_image":[{"url":"https:\/\/www.laisladelamariposa.com\/wp-content\/uploads\/2021\/10\/Blank-2000-x-2000-300x300.png","type":"","width":"","height":""}],"twitter_card":"summary_large_image","twitter_misc":{"Tiempo de lectura":"1 minuto"},"schema":{"@context":"https:\/\/schema.org","@graph":[{"@type":"WebPage","@id":"https:\/\/www.laisladelamariposa.com\/?page_id=55","url":"https:\/\/www.laisladelamariposa.com\/?page_id=55","name":"C\u00f3mo comprar - La Isla de la Mariposa","isPartOf":{"@id":"https:\/\/www.laisladelamariposa.com\/#website"},"primaryImageOfPage":{"@id":"https:\/\/www.laisladelamariposa.com\/?page_id=55#primaryimage"},"image":{"@id":"https:\/\/www.laisladelamariposa.com\/?page_id=55#primaryimage"},"thumbnailUrl":"https:\/\/www.laisladelamariposa.com\/wp-content\/uploads\/2021\/10\/Blank-2000-x-2000-300x300.png","datePublished":"2021-09-29T12:04:34+00:00","dateModified":"2021-12-16T11:07:16+00:00","breadcrumb":{"@id":"https:\/\/www.laisladelamariposa.com\/?page_id=55#breadcrumb"},"inLanguage":"es","potentialAction":[{"@type":"ReadAction","target":["https:\/\/www.laisladelamariposa.com\/?page_id=55"]}]},{"@type":"ImageObject","inLanguage":"es","@id":"https:\/\/www.laisladelamariposa.com\/?page_id=55#primaryimage","url":"https:\/\/www.laisladelamariposa.com\/wp-content\/uploads\/2021\/10\/Blank-2000-x-2000.png","contentUrl":"https:\/\/www.laisladelamariposa.com\/wp-content\/uploads\/2021\/10\/Blank-2000-x-2000.png","width":2000,"height":2000,"caption":"delivery"},{"@type":"BreadcrumbList","@id":"https:\/\/www.laisladelamariposa.com\/?page_id=55#breadcrumb","itemListElement":[{"@type":"ListItem","position":1,"name":"Portada","item":"https:\/\/www.laisladelamariposa.com\/"},{"@type":"ListItem","position":2,"name":"C\u00f3mo comprar"}]},{"@type":"WebSite","@id":"https:\/\/www.laisladelamariposa.com\/#website","url":"https:\/\/www.laisladelamariposa.com\/","name":"La Isla de la Mariposa","description":"Rinconcito de arte, dise\u00f1o y artesan\u00eda.","publisher":{"@id":"https:\/\/www.laisladelamariposa.com\/#organization"},"potentialAction":[{"@type":"SearchAction","target":{"@type":"EntryPoint","urlTemplate":"https:\/\/www.laisladelamariposa.com\/?s={search_term_string}"},"query-input":{"@type":"PropertyValueSpecification","valueRequired":true,"valueName":"search_term_string"}}],"inLanguage":"es"},{"@type":"Organization","@id":"https:\/\/www.laisladelamariposa.com\/#organization","name":"La Isla de la Mariposa","url":"https:\/\/www.laisladelamariposa.com\/","logo":{"@type":"ImageObject","inLanguage":"es","@id":"https:\/\/www.laisladelamariposa.com\/#\/schema\/logo\/image\/","url":"https:\/\/www.laisladelamariposa.com\/wp-content\/uploads\/2021\/12\/LOGO-FONDO-BLANCO.png","contentUrl":"https:\/\/www.laisladelamariposa.com\/wp-content\/uploads\/2021\/12\/LOGO-FONDO-BLANCO.png","width":422,"height":422,"caption":"La Isla de la Mariposa"},"image":{"@id":"https:\/\/www.laisladelamariposa.com\/#\/schema\/logo\/image\/"}}]}},"_links":{"self":[{"href":"https:\/\/www.laisladelamariposa.com\/index.php?rest_route=\/wp\/v2\/pages\/55","targetHints":{"allow":["GET"]}}],"collection":[{"href":"https:\/\/www.laisladelamariposa.com\/index.php?rest_route=\/wp\/v2\/pages"}],"about":[{"href":"https:\/\/www.laisladelamariposa.com\/index.php?rest_route=\/wp\/v2\/types\/page"}],"author":[{"embeddable":true,"href":"https:\/\/www.laisladelamariposa.com\/index.php?rest_route=\/wp\/v2\/users\/1"}],"replies":[{"embeddable":true,"href":"https:\/\/www.laisladelamariposa.com\/index.php?rest_route=%2Fwp%2Fv2%2Fcomments&post=55"}],"version-history":[{"count":6,"href":"https:\/\/www.laisladelamariposa.com\/index.php?rest_route=\/wp\/v2\/pages\/55\/revisions"}],"predecessor-version":[{"id":9471,"href":"https:\/\/www.laisladelamariposa.com\/index.php?rest_route=\/wp\/v2\/pages\/55\/revisions\/9471"}],"wp:attachment":[{"href":"https:\/\/www.laisladelamariposa.com\/index.php?rest_route=%2Fwp%2Fv2%2Fmedia&parent=55"}],"curies":[{"name":"wp","href":"https:\/\/api.w.org\/{rel}","templated":true}]}}