{"id":7606,"date":"2021-10-02T12:44:16","date_gmt":"2021-10-02T12:44:16","guid":{"rendered":"https:\/\/www.laisladelamariposa.com\/?post_type=product&#038;p=7606"},"modified":"2026-04-02T19:00:31","modified_gmt":"2026-04-02T19:00:31","slug":"armario","status":"publish","type":"product","link":"https:\/\/www.laisladelamariposa.com\/?product=armario","title":{"rendered":"Armario"},"content":{"rendered":"<p>Armarios de madera maciza hechos a mano para mu\u00f1ecas. Cuatro colores disponibles, con diferentes dibujitos. \u00a1Ser\u00e1n la delicia de peque\u00f1os y mayores!<br \/>\nPara m\u00e1s personalizaci\u00f3n, no dudes en consultarnos.<\/p>\n","protected":false},"excerpt":{"rendered":"<p>Armarios de madera maciza hechos a mano para mu\u00f1ecas. Cuatro colores disponibles, con diferentes dibujitos. \u00a1Ser\u00e1n la delicia de peque\u00f1os y mayores! Para m\u00e1s personalizaci\u00f3n, no dudes en consultarnos.<\/p>\n","protected":false},"featured_media":8036,"comment_status":"open","ping_status":"closed","template":"","meta":{"_editorskit_title_hidden":false,"_editorskit_reading_time":0,"_editorskit_is_block_options_detached":false,"_editorskit_block_options_position":"{}","_crdt_document":""},"product_brand":[],"product_cat":[68,193],"product_tag":[130,134,108,106,132,135,131],"class_list":{"0":"post-7606","1":"product","2":"type-product","3":"status-publish","4":"has-post-thumbnail","6":"product_cat-juguetes-tradicionales","7":"product_cat-munecas","8":"product_tag-armario","9":"product_tag-artesania","10":"product_tag-casa-de-munecas","11":"product_tag-munecas","12":"product_tag-regalos-infantiles","13":"product_tag-regalos-originales","14":"product_tag-regalos-para-ninos","15":"pa_modarm-est","16":"pa_modarm-gir","17":"pa_modarm-luna","18":"pa_modarm-rosa","20":"first","21":"instock","22":"shipping-taxable","23":"purchasable","24":"product-type-variable"},"yoast_head":"<!-- This site is optimized with the Yoast SEO plugin v27.3 - https:\/\/yoast.com\/product\/yoast-seo-wordpress\/ -->\n<title>Armario - La Isla de la Mariposa<\/title>\n<meta name=\"description\" content=\"Armario artesanal de madera maciza para mu\u00f1ecas, guardar ropa de mu\u00f1eca. Regalo de comuni\u00f3n, cumplea\u00f1os, navidad, para ni\u00f1os y ni\u00f1as. Artesan\u00eda hecha a mano handmade\" \/>\n<meta name=\"robots\" content=\"index, follow, max-snippet:-1, max-image-preview:large, max-video-preview:-1\" \/>\n<link rel=\"canonical\" href=\"https:\/\/www.laisladelamariposa.com\/?product=armario\" \/>\n<meta property=\"og:locale\" content=\"es_ES\" \/>\n<meta property=\"og:type\" content=\"article\" \/>\n<meta property=\"og:title\" content=\"Armario - La Isla de la Mariposa\" \/>\n<meta property=\"og:description\" content=\"Armario artesanal de madera maciza para mu\u00f1ecas, guardar ropa de mu\u00f1eca. Regalo de comuni\u00f3n, cumplea\u00f1os, navidad, para ni\u00f1os y ni\u00f1as. Artesan\u00eda hecha a mano handmade\" \/>\n<meta property=\"og:url\" content=\"https:\/\/www.laisladelamariposa.com\/?product=armario\" \/>\n<meta property=\"og:site_name\" content=\"La Isla de la Mariposa\" \/>\n<meta property=\"article:modified_time\" content=\"2026-04-02T19:00:31+00:00\" \/>\n<meta property=\"og:image\" content=\"https:\/\/www.laisladelamariposa.com\/wp-content\/uploads\/2021\/10\/Armarioturquesalogo.jpg\" \/>\n\t<meta property=\"og:image:width\" content=\"1000\" \/>\n\t<meta property=\"og:image:height\" content=\"666\" \/>\n\t<meta property=\"og:image:type\" content=\"image\/jpeg\" \/>\n<meta name=\"twitter:card\" content=\"summary_large_image\" \/>\n<script type=\"application\/ld+json\" class=\"yoast-schema-graph\">{\"@context\":\"https:\\\/\\\/schema.org\",\"@graph\":[{\"@type\":\"WebPage\",\"@id\":\"https:\\\/\\\/www.laisladelamariposa.com\\\/?product=armario\",\"url\":\"https:\\\/\\\/www.laisladelamariposa.com\\\/?product=armario\",\"name\":\"Armario - La Isla de la Mariposa\",\"isPartOf\":{\"@id\":\"https:\\\/\\\/www.laisladelamariposa.com\\\/#website\"},\"primaryImageOfPage\":{\"@id\":\"https:\\\/\\\/www.laisladelamariposa.com\\\/?product=armario#primaryimage\"},\"image\":{\"@id\":\"https:\\\/\\\/www.laisladelamariposa.com\\\/?product=armario#primaryimage\"},\"thumbnailUrl\":\"https:\\\/\\\/www.laisladelamariposa.com\\\/wp-content\\\/uploads\\\/2021\\\/10\\\/Armarioturquesalogo.jpg\",\"datePublished\":\"2021-10-02T12:44:16+00:00\",\"dateModified\":\"2026-04-02T19:00:31+00:00\",\"description\":\"Armario artesanal de madera maciza para mu\u00f1ecas, guardar ropa de mu\u00f1eca. Regalo de comuni\u00f3n, cumplea\u00f1os, navidad, para ni\u00f1os y ni\u00f1as. Artesan\u00eda hecha a mano handmade\",\"breadcrumb\":{\"@id\":\"https:\\\/\\\/www.laisladelamariposa.com\\\/?product=armario#breadcrumb\"},\"inLanguage\":\"es\",\"potentialAction\":[{\"@type\":\"ReadAction\",\"target\":[\"https:\\\/\\\/www.laisladelamariposa.com\\\/?product=armario\"]}]},{\"@type\":\"ImageObject\",\"inLanguage\":\"es\",\"@id\":\"https:\\\/\\\/www.laisladelamariposa.com\\\/?product=armario#primaryimage\",\"url\":\"https:\\\/\\\/www.laisladelamariposa.com\\\/wp-content\\\/uploads\\\/2021\\\/10\\\/Armarioturquesalogo.jpg\",\"contentUrl\":\"https:\\\/\\\/www.laisladelamariposa.com\\\/wp-content\\\/uploads\\\/2021\\\/10\\\/Armarioturquesalogo.jpg\",\"width\":1000,\"height\":666},{\"@type\":\"BreadcrumbList\",\"@id\":\"https:\\\/\\\/www.laisladelamariposa.com\\\/?product=armario#breadcrumb\",\"itemListElement\":[{\"@type\":\"ListItem\",\"position\":1,\"name\":\"Portada\",\"item\":\"https:\\\/\\\/www.laisladelamariposa.com\\\/\"},{\"@type\":\"ListItem\",\"position\":2,\"name\":\"Shop\",\"item\":\"https:\\\/\\\/www.laisladelamariposa.com\\\/?page_id=1712\"},{\"@type\":\"ListItem\",\"position\":3,\"name\":\"Armario\"}]},{\"@type\":\"WebSite\",\"@id\":\"https:\\\/\\\/www.laisladelamariposa.com\\\/#website\",\"url\":\"https:\\\/\\\/www.laisladelamariposa.com\\\/\",\"name\":\"La Isla de la Mariposa\",\"description\":\"Rinconcito de arte, dise\u00f1o y artesan\u00eda.\",\"publisher\":{\"@id\":\"https:\\\/\\\/www.laisladelamariposa.com\\\/#organization\"},\"potentialAction\":[{\"@type\":\"SearchAction\",\"target\":{\"@type\":\"EntryPoint\",\"urlTemplate\":\"https:\\\/\\\/www.laisladelamariposa.com\\\/?s={search_term_string}\"},\"query-input\":{\"@type\":\"PropertyValueSpecification\",\"valueRequired\":true,\"valueName\":\"search_term_string\"}}],\"inLanguage\":\"es\"},{\"@type\":\"Organization\",\"@id\":\"https:\\\/\\\/www.laisladelamariposa.com\\\/#organization\",\"name\":\"La Isla de la Mariposa\",\"url\":\"https:\\\/\\\/www.laisladelamariposa.com\\\/\",\"logo\":{\"@type\":\"ImageObject\",\"inLanguage\":\"es\",\"@id\":\"https:\\\/\\\/www.laisladelamariposa.com\\\/#\\\/schema\\\/logo\\\/image\\\/\",\"url\":\"https:\\\/\\\/www.laisladelamariposa.com\\\/wp-content\\\/uploads\\\/2021\\\/12\\\/LOGO-FONDO-BLANCO.png\",\"contentUrl\":\"https:\\\/\\\/www.laisladelamariposa.com\\\/wp-content\\\/uploads\\\/2021\\\/12\\\/LOGO-FONDO-BLANCO.png\",\"width\":422,\"height\":422,\"caption\":\"La Isla de la Mariposa\"},\"image\":{\"@id\":\"https:\\\/\\\/www.laisladelamariposa.com\\\/#\\\/schema\\\/logo\\\/image\\\/\"}}]}<\/script>\n<!-- \/ Yoast SEO plugin. -->","yoast_head_json":{"title":"Armario - La Isla de la Mariposa","description":"Armario artesanal de madera maciza para mu\u00f1ecas, guardar ropa de mu\u00f1eca. Regalo de comuni\u00f3n, cumplea\u00f1os, navidad, para ni\u00f1os y ni\u00f1as. Artesan\u00eda hecha a mano handmade","robots":{"index":"index","follow":"follow","max-snippet":"max-snippet:-1","max-image-preview":"max-image-preview:large","max-video-preview":"max-video-preview:-1"},"canonical":"https:\/\/www.laisladelamariposa.com\/?product=armario","og_locale":"es_ES","og_type":"article","og_title":"Armario - La Isla de la Mariposa","og_description":"Armario artesanal de madera maciza para mu\u00f1ecas, guardar ropa de mu\u00f1eca. Regalo de comuni\u00f3n, cumplea\u00f1os, navidad, para ni\u00f1os y ni\u00f1as. Artesan\u00eda hecha a mano handmade","og_url":"https:\/\/www.laisladelamariposa.com\/?product=armario","og_site_name":"La Isla de la Mariposa","article_modified_time":"2026-04-02T19:00:31+00:00","og_image":[{"width":1000,"height":666,"url":"https:\/\/www.laisladelamariposa.com\/wp-content\/uploads\/2021\/10\/Armarioturquesalogo.jpg","type":"image\/jpeg"}],"twitter_card":"summary_large_image","schema":{"@context":"https:\/\/schema.org","@graph":[{"@type":"WebPage","@id":"https:\/\/www.laisladelamariposa.com\/?product=armario","url":"https:\/\/www.laisladelamariposa.com\/?product=armario","name":"Armario - La Isla de la Mariposa","isPartOf":{"@id":"https:\/\/www.laisladelamariposa.com\/#website"},"primaryImageOfPage":{"@id":"https:\/\/www.laisladelamariposa.com\/?product=armario#primaryimage"},"image":{"@id":"https:\/\/www.laisladelamariposa.com\/?product=armario#primaryimage"},"thumbnailUrl":"https:\/\/www.laisladelamariposa.com\/wp-content\/uploads\/2021\/10\/Armarioturquesalogo.jpg","datePublished":"2021-10-02T12:44:16+00:00","dateModified":"2026-04-02T19:00:31+00:00","description":"Armario artesanal de madera maciza para mu\u00f1ecas, guardar ropa de mu\u00f1eca. Regalo de comuni\u00f3n, cumplea\u00f1os, navidad, para ni\u00f1os y ni\u00f1as. Artesan\u00eda hecha a mano handmade","breadcrumb":{"@id":"https:\/\/www.laisladelamariposa.com\/?product=armario#breadcrumb"},"inLanguage":"es","potentialAction":[{"@type":"ReadAction","target":["https:\/\/www.laisladelamariposa.com\/?product=armario"]}]},{"@type":"ImageObject","inLanguage":"es","@id":"https:\/\/www.laisladelamariposa.com\/?product=armario#primaryimage","url":"https:\/\/www.laisladelamariposa.com\/wp-content\/uploads\/2021\/10\/Armarioturquesalogo.jpg","contentUrl":"https:\/\/www.laisladelamariposa.com\/wp-content\/uploads\/2021\/10\/Armarioturquesalogo.jpg","width":1000,"height":666},{"@type":"BreadcrumbList","@id":"https:\/\/www.laisladelamariposa.com\/?product=armario#breadcrumb","itemListElement":[{"@type":"ListItem","position":1,"name":"Portada","item":"https:\/\/www.laisladelamariposa.com\/"},{"@type":"ListItem","position":2,"name":"Shop","item":"https:\/\/www.laisladelamariposa.com\/?page_id=1712"},{"@type":"ListItem","position":3,"name":"Armario"}]},{"@type":"WebSite","@id":"https:\/\/www.laisladelamariposa.com\/#website","url":"https:\/\/www.laisladelamariposa.com\/","name":"La Isla de la Mariposa","description":"Rinconcito de arte, dise\u00f1o y artesan\u00eda.","publisher":{"@id":"https:\/\/www.laisladelamariposa.com\/#organization"},"potentialAction":[{"@type":"SearchAction","target":{"@type":"EntryPoint","urlTemplate":"https:\/\/www.laisladelamariposa.com\/?s={search_term_string}"},"query-input":{"@type":"PropertyValueSpecification","valueRequired":true,"valueName":"search_term_string"}}],"inLanguage":"es"},{"@type":"Organization","@id":"https:\/\/www.laisladelamariposa.com\/#organization","name":"La Isla de la Mariposa","url":"https:\/\/www.laisladelamariposa.com\/","logo":{"@type":"ImageObject","inLanguage":"es","@id":"https:\/\/www.laisladelamariposa.com\/#\/schema\/logo\/image\/","url":"https:\/\/www.laisladelamariposa.com\/wp-content\/uploads\/2021\/12\/LOGO-FONDO-BLANCO.png","contentUrl":"https:\/\/www.laisladelamariposa.com\/wp-content\/uploads\/2021\/12\/LOGO-FONDO-BLANCO.png","width":422,"height":422,"caption":"La Isla de la Mariposa"},"image":{"@id":"https:\/\/www.laisladelamariposa.com\/#\/schema\/logo\/image\/"}}]}},"_links":{"self":[{"href":"https:\/\/www.laisladelamariposa.com\/index.php?rest_route=\/wp\/v2\/product\/7606","targetHints":{"allow":["GET"]}}],"collection":[{"href":"https:\/\/www.laisladelamariposa.com\/index.php?rest_route=\/wp\/v2\/product"}],"about":[{"href":"https:\/\/www.laisladelamariposa.com\/index.php?rest_route=\/wp\/v2\/types\/product"}],"replies":[{"embeddable":true,"href":"https:\/\/www.laisladelamariposa.com\/index.php?rest_route=%2Fwp%2Fv2%2Fcomments&post=7606"}],"wp:featuredmedia":[{"embeddable":true,"href":"https:\/\/www.laisladelamariposa.com\/index.php?rest_route=\/wp\/v2\/media\/8036"}],"wp:attachment":[{"href":"https:\/\/www.laisladelamariposa.com\/index.php?rest_route=%2Fwp%2Fv2%2Fmedia&parent=7606"}],"wp:term":[{"taxonomy":"product_brand","embeddable":true,"href":"https:\/\/www.laisladelamariposa.com\/index.php?rest_route=%2Fwp%2Fv2%2Fproduct_brand&post=7606"},{"taxonomy":"product_cat","embeddable":true,"href":"https:\/\/www.laisladelamariposa.com\/index.php?rest_route=%2Fwp%2Fv2%2Fproduct_cat&post=7606"},{"taxonomy":"product_tag","embeddable":true,"href":"https:\/\/www.laisladelamariposa.com\/index.php?rest_route=%2Fwp%2Fv2%2Fproduct_tag&post=7606"}],"curies":[{"name":"wp","href":"https:\/\/api.w.org\/{rel}","templated":true}]}}