{"id":7618,"date":"2021-10-02T13:20:55","date_gmt":"2021-10-02T13:20:55","guid":{"rendered":"https:\/\/www.laisladelamariposa.com\/?post_type=product&#038;p=7618"},"modified":"2026-04-29T10:58:05","modified_gmt":"2026-04-29T10:58:05","slug":"conjunto-caballero-basico","status":"publish","type":"product","link":"https:\/\/www.laisladelamariposa.com\/?product=conjunto-caballero-basico","title":{"rendered":"Conjunto Caballero B\u00e1sico"},"content":{"rendered":"<p>Este conjunto se compone de:<\/p>\n<ul>\n<li>Escudo de madera<\/li>\n<li>Espada de madera<\/li>\n<\/ul>\n<p>Puedes elegir el dise\u00f1o de cada uno de los elementos. Cons\u00faltanos por la personalizaci\u00f3n. Son productos hechos a mano, de madera.<\/p>\n<p>Actualmente disponemos de los siguientes dise\u00f1os:<\/p>\n<ul>\n<li>Lis<\/li>\n<li>\u00c1guila<\/li>\n<li>Le\u00f3n<\/li>\n<li>Drag\u00f3n<\/li>\n<li>Santiago<\/li>\n<li>Unicornio<\/li>\n<li>Her\u00e1ldico (dibujo de castillo, le\u00f3n y \u00e1guila)<\/li>\n<li>Noble (dibujo de cruz, castillo, lis y le\u00f3n)<\/li>\n<li>Palad\u00edn (dibujo de \u00e1guila y Cruz Santiago)<\/li>\n<li>Real (dibujo de castillo y lis)<\/li>\n<li>Sult\u00e1n (dibujo de luna con estrella)<\/li>\n<\/ul>\n","protected":false},"excerpt":{"rendered":"<p>Este conjunto se compone de: Escudo de madera Espada de madera Puedes elegir el dise\u00f1o de cada uno de los elementos. Cons\u00faltanos por la personalizaci\u00f3n. Son productos hechos a mano, de madera. Actualmente disponemos de los siguientes dise\u00f1os: Lis \u00c1guila Le\u00f3n Drag\u00f3n Santiago Unicornio Her\u00e1ldico (dibujo de castillo, le\u00f3n y \u00e1guila) Noble (dibujo de cruz,<a class=\"more-link\" href=\"https:\/\/www.laisladelamariposa.com\/?product=conjunto-caballero-basico\">Ver m\u00e1s  &#10230;<\/a><\/p>\n","protected":false},"featured_media":8065,"comment_status":"open","ping_status":"closed","template":"","meta":{"_editorskit_title_hidden":false,"_editorskit_reading_time":0,"_editorskit_is_block_options_detached":false,"_editorskit_block_options_position":"{}","_crdt_document":""},"product_brand":[],"product_cat":[194,212,68],"product_tag":[166,176,177,146],"class_list":{"0":"post-7618","1":"product","2":"type-product","3":"status-publish","4":"has-post-thumbnail","6":"product_cat-caballeros","7":"product_cat-conjuntos-caballeros","8":"product_cat-juguetes-tradicionales","9":"product_tag-caballero-medieval","10":"product_tag-conjunto-caballero","11":"product_tag-disfraces-para-ninos","12":"product_tag-juguetes","14":"first","15":"instock","16":"shipping-taxable","17":"purchasable","18":"product-type-variable"},"yoast_head":"<!-- This site is optimized with the Yoast SEO plugin v27.5 - https:\/\/yoast.com\/product\/yoast-seo-wordpress\/ -->\n<title>Conjunto Caballero B\u00e1sico - La Isla de la Mariposa<\/title>\n<meta name=\"description\" content=\"Conjunto de juguetes hechos a mano de caballero medieval, compuesto por un escudo de madera y una espada de madera pesonalizables.\" \/>\n<meta name=\"robots\" content=\"index, follow, max-snippet:-1, max-image-preview:large, max-video-preview:-1\" \/>\n<link rel=\"canonical\" href=\"https:\/\/www.laisladelamariposa.com\/?product=conjunto-caballero-basico\" \/>\n<meta property=\"og:locale\" content=\"es_ES\" \/>\n<meta property=\"og:type\" content=\"article\" \/>\n<meta property=\"og:title\" content=\"Conjunto Caballero B\u00e1sico - La Isla de la Mariposa\" \/>\n<meta property=\"og:description\" content=\"Conjunto de juguetes hechos a mano de caballero medieval, compuesto por un escudo de madera y una espada de madera pesonalizables.\" \/>\n<meta property=\"og:url\" content=\"https:\/\/www.laisladelamariposa.com\/?product=conjunto-caballero-basico\" \/>\n<meta property=\"og:site_name\" content=\"La Isla de la Mariposa\" \/>\n<meta property=\"article:modified_time\" content=\"2026-04-29T10:58:05+00:00\" \/>\n<meta property=\"og:image\" content=\"https:\/\/www.laisladelamariposa.com\/wp-content\/uploads\/2021\/10\/Conjunto-BasicoDragonlogo.jpg\" \/>\n\t<meta property=\"og:image:width\" content=\"1000\" \/>\n\t<meta property=\"og:image:height\" content=\"666\" \/>\n\t<meta property=\"og:image:type\" content=\"image\/jpeg\" \/>\n<meta name=\"twitter:card\" content=\"summary_large_image\" \/>\n<meta name=\"twitter:label1\" content=\"Tiempo de lectura\" \/>\n\t<meta name=\"twitter:data1\" content=\"1 minuto\" \/>\n<script type=\"application\/ld+json\" class=\"yoast-schema-graph\">{\"@context\":\"https:\\\/\\\/schema.org\",\"@graph\":[{\"@type\":\"WebPage\",\"@id\":\"https:\\\/\\\/www.laisladelamariposa.com\\\/?product=conjunto-caballero-basico\",\"url\":\"https:\\\/\\\/www.laisladelamariposa.com\\\/?product=conjunto-caballero-basico\",\"name\":\"Conjunto Caballero B\u00e1sico - La Isla de la Mariposa\",\"isPartOf\":{\"@id\":\"https:\\\/\\\/www.laisladelamariposa.com\\\/#website\"},\"primaryImageOfPage\":{\"@id\":\"https:\\\/\\\/www.laisladelamariposa.com\\\/?product=conjunto-caballero-basico#primaryimage\"},\"image\":{\"@id\":\"https:\\\/\\\/www.laisladelamariposa.com\\\/?product=conjunto-caballero-basico#primaryimage\"},\"thumbnailUrl\":\"https:\\\/\\\/www.laisladelamariposa.com\\\/wp-content\\\/uploads\\\/2021\\\/10\\\/Conjunto-BasicoDragonlogo.jpg\",\"datePublished\":\"2021-10-02T13:20:55+00:00\",\"dateModified\":\"2026-04-29T10:58:05+00:00\",\"description\":\"Conjunto de juguetes hechos a mano de caballero medieval, compuesto por un escudo de madera y una espada de madera pesonalizables.\",\"breadcrumb\":{\"@id\":\"https:\\\/\\\/www.laisladelamariposa.com\\\/?product=conjunto-caballero-basico#breadcrumb\"},\"inLanguage\":\"es\",\"potentialAction\":[{\"@type\":\"ReadAction\",\"target\":[\"https:\\\/\\\/www.laisladelamariposa.com\\\/?product=conjunto-caballero-basico\"]}]},{\"@type\":\"ImageObject\",\"inLanguage\":\"es\",\"@id\":\"https:\\\/\\\/www.laisladelamariposa.com\\\/?product=conjunto-caballero-basico#primaryimage\",\"url\":\"https:\\\/\\\/www.laisladelamariposa.com\\\/wp-content\\\/uploads\\\/2021\\\/10\\\/Conjunto-BasicoDragonlogo.jpg\",\"contentUrl\":\"https:\\\/\\\/www.laisladelamariposa.com\\\/wp-content\\\/uploads\\\/2021\\\/10\\\/Conjunto-BasicoDragonlogo.jpg\",\"width\":1000,\"height\":666},{\"@type\":\"BreadcrumbList\",\"@id\":\"https:\\\/\\\/www.laisladelamariposa.com\\\/?product=conjunto-caballero-basico#breadcrumb\",\"itemListElement\":[{\"@type\":\"ListItem\",\"position\":1,\"name\":\"Portada\",\"item\":\"https:\\\/\\\/www.laisladelamariposa.com\\\/\"},{\"@type\":\"ListItem\",\"position\":2,\"name\":\"Shop\",\"item\":\"https:\\\/\\\/www.laisladelamariposa.com\\\/?page_id=1712\"},{\"@type\":\"ListItem\",\"position\":3,\"name\":\"Conjunto Caballero B\u00e1sico\"}]},{\"@type\":\"WebSite\",\"@id\":\"https:\\\/\\\/www.laisladelamariposa.com\\\/#website\",\"url\":\"https:\\\/\\\/www.laisladelamariposa.com\\\/\",\"name\":\"La Isla de la Mariposa\",\"description\":\"Rinconcito de arte, dise\u00f1o y artesan\u00eda.\",\"publisher\":{\"@id\":\"https:\\\/\\\/www.laisladelamariposa.com\\\/#organization\"},\"potentialAction\":[{\"@type\":\"SearchAction\",\"target\":{\"@type\":\"EntryPoint\",\"urlTemplate\":\"https:\\\/\\\/www.laisladelamariposa.com\\\/?s={search_term_string}\"},\"query-input\":{\"@type\":\"PropertyValueSpecification\",\"valueRequired\":true,\"valueName\":\"search_term_string\"}}],\"inLanguage\":\"es\"},{\"@type\":\"Organization\",\"@id\":\"https:\\\/\\\/www.laisladelamariposa.com\\\/#organization\",\"name\":\"La Isla de la Mariposa\",\"url\":\"https:\\\/\\\/www.laisladelamariposa.com\\\/\",\"logo\":{\"@type\":\"ImageObject\",\"inLanguage\":\"es\",\"@id\":\"https:\\\/\\\/www.laisladelamariposa.com\\\/#\\\/schema\\\/logo\\\/image\\\/\",\"url\":\"https:\\\/\\\/www.laisladelamariposa.com\\\/wp-content\\\/uploads\\\/2021\\\/12\\\/LOGO-FONDO-BLANCO.png\",\"contentUrl\":\"https:\\\/\\\/www.laisladelamariposa.com\\\/wp-content\\\/uploads\\\/2021\\\/12\\\/LOGO-FONDO-BLANCO.png\",\"width\":422,\"height\":422,\"caption\":\"La Isla de la Mariposa\"},\"image\":{\"@id\":\"https:\\\/\\\/www.laisladelamariposa.com\\\/#\\\/schema\\\/logo\\\/image\\\/\"}}]}<\/script>\n<!-- \/ Yoast SEO plugin. -->","yoast_head_json":{"title":"Conjunto Caballero B\u00e1sico - La Isla de la Mariposa","description":"Conjunto de juguetes hechos a mano de caballero medieval, compuesto por un escudo de madera y una espada de madera pesonalizables.","robots":{"index":"index","follow":"follow","max-snippet":"max-snippet:-1","max-image-preview":"max-image-preview:large","max-video-preview":"max-video-preview:-1"},"canonical":"https:\/\/www.laisladelamariposa.com\/?product=conjunto-caballero-basico","og_locale":"es_ES","og_type":"article","og_title":"Conjunto Caballero B\u00e1sico - La Isla de la Mariposa","og_description":"Conjunto de juguetes hechos a mano de caballero medieval, compuesto por un escudo de madera y una espada de madera pesonalizables.","og_url":"https:\/\/www.laisladelamariposa.com\/?product=conjunto-caballero-basico","og_site_name":"La Isla de la Mariposa","article_modified_time":"2026-04-29T10:58:05+00:00","og_image":[{"width":1000,"height":666,"url":"https:\/\/www.laisladelamariposa.com\/wp-content\/uploads\/2021\/10\/Conjunto-BasicoDragonlogo.jpg","type":"image\/jpeg"}],"twitter_card":"summary_large_image","twitter_misc":{"Tiempo de lectura":"1 minuto"},"schema":{"@context":"https:\/\/schema.org","@graph":[{"@type":"WebPage","@id":"https:\/\/www.laisladelamariposa.com\/?product=conjunto-caballero-basico","url":"https:\/\/www.laisladelamariposa.com\/?product=conjunto-caballero-basico","name":"Conjunto Caballero B\u00e1sico - La Isla de la Mariposa","isPartOf":{"@id":"https:\/\/www.laisladelamariposa.com\/#website"},"primaryImageOfPage":{"@id":"https:\/\/www.laisladelamariposa.com\/?product=conjunto-caballero-basico#primaryimage"},"image":{"@id":"https:\/\/www.laisladelamariposa.com\/?product=conjunto-caballero-basico#primaryimage"},"thumbnailUrl":"https:\/\/www.laisladelamariposa.com\/wp-content\/uploads\/2021\/10\/Conjunto-BasicoDragonlogo.jpg","datePublished":"2021-10-02T13:20:55+00:00","dateModified":"2026-04-29T10:58:05+00:00","description":"Conjunto de juguetes hechos a mano de caballero medieval, compuesto por un escudo de madera y una espada de madera pesonalizables.","breadcrumb":{"@id":"https:\/\/www.laisladelamariposa.com\/?product=conjunto-caballero-basico#breadcrumb"},"inLanguage":"es","potentialAction":[{"@type":"ReadAction","target":["https:\/\/www.laisladelamariposa.com\/?product=conjunto-caballero-basico"]}]},{"@type":"ImageObject","inLanguage":"es","@id":"https:\/\/www.laisladelamariposa.com\/?product=conjunto-caballero-basico#primaryimage","url":"https:\/\/www.laisladelamariposa.com\/wp-content\/uploads\/2021\/10\/Conjunto-BasicoDragonlogo.jpg","contentUrl":"https:\/\/www.laisladelamariposa.com\/wp-content\/uploads\/2021\/10\/Conjunto-BasicoDragonlogo.jpg","width":1000,"height":666},{"@type":"BreadcrumbList","@id":"https:\/\/www.laisladelamariposa.com\/?product=conjunto-caballero-basico#breadcrumb","itemListElement":[{"@type":"ListItem","position":1,"name":"Portada","item":"https:\/\/www.laisladelamariposa.com\/"},{"@type":"ListItem","position":2,"name":"Shop","item":"https:\/\/www.laisladelamariposa.com\/?page_id=1712"},{"@type":"ListItem","position":3,"name":"Conjunto Caballero B\u00e1sico"}]},{"@type":"WebSite","@id":"https:\/\/www.laisladelamariposa.com\/#website","url":"https:\/\/www.laisladelamariposa.com\/","name":"La Isla de la Mariposa","description":"Rinconcito de arte, dise\u00f1o y artesan\u00eda.","publisher":{"@id":"https:\/\/www.laisladelamariposa.com\/#organization"},"potentialAction":[{"@type":"SearchAction","target":{"@type":"EntryPoint","urlTemplate":"https:\/\/www.laisladelamariposa.com\/?s={search_term_string}"},"query-input":{"@type":"PropertyValueSpecification","valueRequired":true,"valueName":"search_term_string"}}],"inLanguage":"es"},{"@type":"Organization","@id":"https:\/\/www.laisladelamariposa.com\/#organization","name":"La Isla de la Mariposa","url":"https:\/\/www.laisladelamariposa.com\/","logo":{"@type":"ImageObject","inLanguage":"es","@id":"https:\/\/www.laisladelamariposa.com\/#\/schema\/logo\/image\/","url":"https:\/\/www.laisladelamariposa.com\/wp-content\/uploads\/2021\/12\/LOGO-FONDO-BLANCO.png","contentUrl":"https:\/\/www.laisladelamariposa.com\/wp-content\/uploads\/2021\/12\/LOGO-FONDO-BLANCO.png","width":422,"height":422,"caption":"La Isla de la Mariposa"},"image":{"@id":"https:\/\/www.laisladelamariposa.com\/#\/schema\/logo\/image\/"}}]}},"_links":{"self":[{"href":"https:\/\/www.laisladelamariposa.com\/index.php?rest_route=\/wp\/v2\/product\/7618","targetHints":{"allow":["GET"]}}],"collection":[{"href":"https:\/\/www.laisladelamariposa.com\/index.php?rest_route=\/wp\/v2\/product"}],"about":[{"href":"https:\/\/www.laisladelamariposa.com\/index.php?rest_route=\/wp\/v2\/types\/product"}],"replies":[{"embeddable":true,"href":"https:\/\/www.laisladelamariposa.com\/index.php?rest_route=%2Fwp%2Fv2%2Fcomments&post=7618"}],"wp:featuredmedia":[{"embeddable":true,"href":"https:\/\/www.laisladelamariposa.com\/index.php?rest_route=\/wp\/v2\/media\/8065"}],"wp:attachment":[{"href":"https:\/\/www.laisladelamariposa.com\/index.php?rest_route=%2Fwp%2Fv2%2Fmedia&parent=7618"}],"wp:term":[{"taxonomy":"product_brand","embeddable":true,"href":"https:\/\/www.laisladelamariposa.com\/index.php?rest_route=%2Fwp%2Fv2%2Fproduct_brand&post=7618"},{"taxonomy":"product_cat","embeddable":true,"href":"https:\/\/www.laisladelamariposa.com\/index.php?rest_route=%2Fwp%2Fv2%2Fproduct_cat&post=7618"},{"taxonomy":"product_tag","embeddable":true,"href":"https:\/\/www.laisladelamariposa.com\/index.php?rest_route=%2Fwp%2Fv2%2Fproduct_tag&post=7618"}],"curies":[{"name":"wp","href":"https:\/\/api.w.org\/{rel}","templated":true}]}}