{"id":8391,"date":"2021-10-20T13:17:12","date_gmt":"2021-10-20T13:17:12","guid":{"rendered":"https:\/\/www.laisladelamariposa.com\/?post_type=product&#038;p=8391"},"modified":"2026-04-20T08:51:10","modified_gmt":"2026-04-20T08:51:10","slug":"pajarita","status":"publish","type":"product","link":"https:\/\/www.laisladelamariposa.com\/?product=pajarita","title":{"rendered":"Pajarita"},"content":{"rendered":"<p>Pajarita de tela con estampados muy originales, hecha a mano y con mucho encanto. \u00a1Da un toque diferente a tu vestimenta con estos complementos tan cucos!<\/p>\n<p>La cinta de las pajaritas es regulable, y est\u00e1 disponible tambi\u00e9n en goma el\u00e1stica en vez de cinta de tela.<\/p>\n<p>\u00a1OFERTA! Si te llevas dos pajaritas, en lugar de 30\u20ac paga solo 25\u20ac \ud83d\ude42<\/p>\n<p>&nbsp;<\/p>\n","protected":false},"excerpt":{"rendered":"<p>Pajarita de tela con estampados muy originales, hecha a mano y con mucho encanto. \u00a1Da un toque diferente a tu vestimenta con estos complementos tan cucos! La cinta de las pajaritas es regulable, y est\u00e1 disponible tambi\u00e9n en goma el\u00e1stica en vez de cinta de tela. \u00a1OFERTA! Si te llevas dos pajaritas, en lugar de<a class=\"more-link\" href=\"https:\/\/www.laisladelamariposa.com\/?product=pajarita\">Ver m\u00e1s  &#10230;<\/a><\/p>\n","protected":false},"featured_media":8392,"comment_status":"open","ping_status":"closed","template":"","meta":{"_editorskit_title_hidden":false,"_editorskit_reading_time":0,"_editorskit_is_block_options_detached":false,"_editorskit_block_options_position":"{}","_crdt_document":""},"product_brand":[],"product_cat":[205,207],"product_tag":[],"class_list":{"0":"post-8391","1":"product","2":"type-product","3":"status-publish","4":"has-post-thumbnail","6":"product_cat-tela","7":"product_cat-chicos","8":"pa_modpaj-geo","9":"pa_modpaj-letras","10":"pa_modpaj-londres","11":"pa_modpaj-malva","12":"pa_modpaj-musica","13":"pa_modpaj-negra","14":"pa_modpaj-osc","15":"pa_modpaj-piratas","16":"pa_modpaj-roja","17":"pa_modpaj-sellos","18":"pa_modpaj-topos","19":"pa_modpaj-verde","21":"first","22":"instock","23":"shipping-taxable","24":"purchasable","25":"product-type-variable"},"yoast_head":"<!-- This site is optimized with the Yoast SEO plugin v27.4 - https:\/\/yoast.com\/product\/yoast-seo-wordpress\/ -->\n<title>Pajarita - La Isla de la Mariposa<\/title>\n<meta name=\"description\" content=\"Pajarita de tela con estampados muy originales, hecha a mano y con mucho encanto. La cinta de las pajaritas es regulable, y est\u00e1 disponible tambi\u00e9n en goma el\u00e1stica en vez de cinta de tela.\" \/>\n<meta name=\"robots\" content=\"index, follow, max-snippet:-1, max-image-preview:large, max-video-preview:-1\" \/>\n<link rel=\"canonical\" href=\"https:\/\/www.laisladelamariposa.com\/?product=pajarita\" \/>\n<meta property=\"og:locale\" content=\"es_ES\" \/>\n<meta property=\"og:type\" content=\"article\" \/>\n<meta property=\"og:title\" content=\"Pajarita - La Isla de la Mariposa\" \/>\n<meta property=\"og:description\" content=\"Pajarita de tela con estampados muy originales, hecha a mano y con mucho encanto. La cinta de las pajaritas es regulable, y est\u00e1 disponible tambi\u00e9n en goma el\u00e1stica en vez de cinta de tela.\" \/>\n<meta property=\"og:url\" content=\"https:\/\/www.laisladelamariposa.com\/?product=pajarita\" \/>\n<meta property=\"og:site_name\" content=\"La Isla de la Mariposa\" \/>\n<meta property=\"article:modified_time\" content=\"2026-04-20T08:51:10+00:00\" \/>\n<meta property=\"og:image\" content=\"https:\/\/www.laisladelamariposa.com\/wp-content\/uploads\/2021\/10\/pajaritaslogo.jpg\" \/>\n\t<meta property=\"og:image:width\" content=\"1000\" \/>\n\t<meta property=\"og:image:height\" content=\"750\" \/>\n\t<meta property=\"og:image:type\" content=\"image\/jpeg\" \/>\n<meta name=\"twitter:card\" content=\"summary_large_image\" \/>\n<meta name=\"twitter:label1\" content=\"Tiempo de lectura\" \/>\n\t<meta name=\"twitter:data1\" content=\"1 minuto\" \/>\n<script type=\"application\/ld+json\" class=\"yoast-schema-graph\">{\"@context\":\"https:\\\/\\\/schema.org\",\"@graph\":[{\"@type\":\"WebPage\",\"@id\":\"https:\\\/\\\/www.laisladelamariposa.com\\\/?product=pajarita\",\"url\":\"https:\\\/\\\/www.laisladelamariposa.com\\\/?product=pajarita\",\"name\":\"Pajarita - La Isla de la Mariposa\",\"isPartOf\":{\"@id\":\"https:\\\/\\\/www.laisladelamariposa.com\\\/#website\"},\"primaryImageOfPage\":{\"@id\":\"https:\\\/\\\/www.laisladelamariposa.com\\\/?product=pajarita#primaryimage\"},\"image\":{\"@id\":\"https:\\\/\\\/www.laisladelamariposa.com\\\/?product=pajarita#primaryimage\"},\"thumbnailUrl\":\"https:\\\/\\\/www.laisladelamariposa.com\\\/wp-content\\\/uploads\\\/2021\\\/10\\\/pajaritaslogo.jpg\",\"datePublished\":\"2021-10-20T13:17:12+00:00\",\"dateModified\":\"2026-04-20T08:51:10+00:00\",\"description\":\"Pajarita de tela con estampados muy originales, hecha a mano y con mucho encanto. La cinta de las pajaritas es regulable, y est\u00e1 disponible tambi\u00e9n en goma el\u00e1stica en vez de cinta de tela.\",\"breadcrumb\":{\"@id\":\"https:\\\/\\\/www.laisladelamariposa.com\\\/?product=pajarita#breadcrumb\"},\"inLanguage\":\"es\",\"potentialAction\":[{\"@type\":\"ReadAction\",\"target\":[\"https:\\\/\\\/www.laisladelamariposa.com\\\/?product=pajarita\"]}]},{\"@type\":\"ImageObject\",\"inLanguage\":\"es\",\"@id\":\"https:\\\/\\\/www.laisladelamariposa.com\\\/?product=pajarita#primaryimage\",\"url\":\"https:\\\/\\\/www.laisladelamariposa.com\\\/wp-content\\\/uploads\\\/2021\\\/10\\\/pajaritaslogo.jpg\",\"contentUrl\":\"https:\\\/\\\/www.laisladelamariposa.com\\\/wp-content\\\/uploads\\\/2021\\\/10\\\/pajaritaslogo.jpg\",\"width\":1000,\"height\":750},{\"@type\":\"BreadcrumbList\",\"@id\":\"https:\\\/\\\/www.laisladelamariposa.com\\\/?product=pajarita#breadcrumb\",\"itemListElement\":[{\"@type\":\"ListItem\",\"position\":1,\"name\":\"Portada\",\"item\":\"https:\\\/\\\/www.laisladelamariposa.com\\\/\"},{\"@type\":\"ListItem\",\"position\":2,\"name\":\"Shop\",\"item\":\"https:\\\/\\\/www.laisladelamariposa.com\\\/?page_id=1712\"},{\"@type\":\"ListItem\",\"position\":3,\"name\":\"Pajarita\"}]},{\"@type\":\"WebSite\",\"@id\":\"https:\\\/\\\/www.laisladelamariposa.com\\\/#website\",\"url\":\"https:\\\/\\\/www.laisladelamariposa.com\\\/\",\"name\":\"La Isla de la Mariposa\",\"description\":\"Rinconcito de arte, dise\u00f1o y artesan\u00eda.\",\"publisher\":{\"@id\":\"https:\\\/\\\/www.laisladelamariposa.com\\\/#organization\"},\"potentialAction\":[{\"@type\":\"SearchAction\",\"target\":{\"@type\":\"EntryPoint\",\"urlTemplate\":\"https:\\\/\\\/www.laisladelamariposa.com\\\/?s={search_term_string}\"},\"query-input\":{\"@type\":\"PropertyValueSpecification\",\"valueRequired\":true,\"valueName\":\"search_term_string\"}}],\"inLanguage\":\"es\"},{\"@type\":\"Organization\",\"@id\":\"https:\\\/\\\/www.laisladelamariposa.com\\\/#organization\",\"name\":\"La Isla de la Mariposa\",\"url\":\"https:\\\/\\\/www.laisladelamariposa.com\\\/\",\"logo\":{\"@type\":\"ImageObject\",\"inLanguage\":\"es\",\"@id\":\"https:\\\/\\\/www.laisladelamariposa.com\\\/#\\\/schema\\\/logo\\\/image\\\/\",\"url\":\"https:\\\/\\\/www.laisladelamariposa.com\\\/wp-content\\\/uploads\\\/2021\\\/12\\\/LOGO-FONDO-BLANCO.png\",\"contentUrl\":\"https:\\\/\\\/www.laisladelamariposa.com\\\/wp-content\\\/uploads\\\/2021\\\/12\\\/LOGO-FONDO-BLANCO.png\",\"width\":422,\"height\":422,\"caption\":\"La Isla de la Mariposa\"},\"image\":{\"@id\":\"https:\\\/\\\/www.laisladelamariposa.com\\\/#\\\/schema\\\/logo\\\/image\\\/\"}}]}<\/script>\n<!-- \/ Yoast SEO plugin. -->","yoast_head_json":{"title":"Pajarita - La Isla de la Mariposa","description":"Pajarita de tela con estampados muy originales, hecha a mano y con mucho encanto. La cinta de las pajaritas es regulable, y est\u00e1 disponible tambi\u00e9n en goma el\u00e1stica en vez de cinta de tela.","robots":{"index":"index","follow":"follow","max-snippet":"max-snippet:-1","max-image-preview":"max-image-preview:large","max-video-preview":"max-video-preview:-1"},"canonical":"https:\/\/www.laisladelamariposa.com\/?product=pajarita","og_locale":"es_ES","og_type":"article","og_title":"Pajarita - La Isla de la Mariposa","og_description":"Pajarita de tela con estampados muy originales, hecha a mano y con mucho encanto. La cinta de las pajaritas es regulable, y est\u00e1 disponible tambi\u00e9n en goma el\u00e1stica en vez de cinta de tela.","og_url":"https:\/\/www.laisladelamariposa.com\/?product=pajarita","og_site_name":"La Isla de la Mariposa","article_modified_time":"2026-04-20T08:51:10+00:00","og_image":[{"width":1000,"height":750,"url":"https:\/\/www.laisladelamariposa.com\/wp-content\/uploads\/2021\/10\/pajaritaslogo.jpg","type":"image\/jpeg"}],"twitter_card":"summary_large_image","twitter_misc":{"Tiempo de lectura":"1 minuto"},"schema":{"@context":"https:\/\/schema.org","@graph":[{"@type":"WebPage","@id":"https:\/\/www.laisladelamariposa.com\/?product=pajarita","url":"https:\/\/www.laisladelamariposa.com\/?product=pajarita","name":"Pajarita - La Isla de la Mariposa","isPartOf":{"@id":"https:\/\/www.laisladelamariposa.com\/#website"},"primaryImageOfPage":{"@id":"https:\/\/www.laisladelamariposa.com\/?product=pajarita#primaryimage"},"image":{"@id":"https:\/\/www.laisladelamariposa.com\/?product=pajarita#primaryimage"},"thumbnailUrl":"https:\/\/www.laisladelamariposa.com\/wp-content\/uploads\/2021\/10\/pajaritaslogo.jpg","datePublished":"2021-10-20T13:17:12+00:00","dateModified":"2026-04-20T08:51:10+00:00","description":"Pajarita de tela con estampados muy originales, hecha a mano y con mucho encanto. La cinta de las pajaritas es regulable, y est\u00e1 disponible tambi\u00e9n en goma el\u00e1stica en vez de cinta de tela.","breadcrumb":{"@id":"https:\/\/www.laisladelamariposa.com\/?product=pajarita#breadcrumb"},"inLanguage":"es","potentialAction":[{"@type":"ReadAction","target":["https:\/\/www.laisladelamariposa.com\/?product=pajarita"]}]},{"@type":"ImageObject","inLanguage":"es","@id":"https:\/\/www.laisladelamariposa.com\/?product=pajarita#primaryimage","url":"https:\/\/www.laisladelamariposa.com\/wp-content\/uploads\/2021\/10\/pajaritaslogo.jpg","contentUrl":"https:\/\/www.laisladelamariposa.com\/wp-content\/uploads\/2021\/10\/pajaritaslogo.jpg","width":1000,"height":750},{"@type":"BreadcrumbList","@id":"https:\/\/www.laisladelamariposa.com\/?product=pajarita#breadcrumb","itemListElement":[{"@type":"ListItem","position":1,"name":"Portada","item":"https:\/\/www.laisladelamariposa.com\/"},{"@type":"ListItem","position":2,"name":"Shop","item":"https:\/\/www.laisladelamariposa.com\/?page_id=1712"},{"@type":"ListItem","position":3,"name":"Pajarita"}]},{"@type":"WebSite","@id":"https:\/\/www.laisladelamariposa.com\/#website","url":"https:\/\/www.laisladelamariposa.com\/","name":"La Isla de la Mariposa","description":"Rinconcito de arte, dise\u00f1o y artesan\u00eda.","publisher":{"@id":"https:\/\/www.laisladelamariposa.com\/#organization"},"potentialAction":[{"@type":"SearchAction","target":{"@type":"EntryPoint","urlTemplate":"https:\/\/www.laisladelamariposa.com\/?s={search_term_string}"},"query-input":{"@type":"PropertyValueSpecification","valueRequired":true,"valueName":"search_term_string"}}],"inLanguage":"es"},{"@type":"Organization","@id":"https:\/\/www.laisladelamariposa.com\/#organization","name":"La Isla de la Mariposa","url":"https:\/\/www.laisladelamariposa.com\/","logo":{"@type":"ImageObject","inLanguage":"es","@id":"https:\/\/www.laisladelamariposa.com\/#\/schema\/logo\/image\/","url":"https:\/\/www.laisladelamariposa.com\/wp-content\/uploads\/2021\/12\/LOGO-FONDO-BLANCO.png","contentUrl":"https:\/\/www.laisladelamariposa.com\/wp-content\/uploads\/2021\/12\/LOGO-FONDO-BLANCO.png","width":422,"height":422,"caption":"La Isla de la Mariposa"},"image":{"@id":"https:\/\/www.laisladelamariposa.com\/#\/schema\/logo\/image\/"}}]}},"_links":{"self":[{"href":"https:\/\/www.laisladelamariposa.com\/index.php?rest_route=\/wp\/v2\/product\/8391","targetHints":{"allow":["GET"]}}],"collection":[{"href":"https:\/\/www.laisladelamariposa.com\/index.php?rest_route=\/wp\/v2\/product"}],"about":[{"href":"https:\/\/www.laisladelamariposa.com\/index.php?rest_route=\/wp\/v2\/types\/product"}],"replies":[{"embeddable":true,"href":"https:\/\/www.laisladelamariposa.com\/index.php?rest_route=%2Fwp%2Fv2%2Fcomments&post=8391"}],"wp:featuredmedia":[{"embeddable":true,"href":"https:\/\/www.laisladelamariposa.com\/index.php?rest_route=\/wp\/v2\/media\/8392"}],"wp:attachment":[{"href":"https:\/\/www.laisladelamariposa.com\/index.php?rest_route=%2Fwp%2Fv2%2Fmedia&parent=8391"}],"wp:term":[{"taxonomy":"product_brand","embeddable":true,"href":"https:\/\/www.laisladelamariposa.com\/index.php?rest_route=%2Fwp%2Fv2%2Fproduct_brand&post=8391"},{"taxonomy":"product_cat","embeddable":true,"href":"https:\/\/www.laisladelamariposa.com\/index.php?rest_route=%2Fwp%2Fv2%2Fproduct_cat&post=8391"},{"taxonomy":"product_tag","embeddable":true,"href":"https:\/\/www.laisladelamariposa.com\/index.php?rest_route=%2Fwp%2Fv2%2Fproduct_tag&post=8391"}],"curies":[{"name":"wp","href":"https:\/\/api.w.org\/{rel}","templated":true}]}}