{"id":8626,"date":"2021-10-28T12:43:40","date_gmt":"2021-10-28T12:43:40","guid":{"rendered":"https:\/\/www.laisladelamariposa.com\/?post_type=product&#038;p=8626"},"modified":"2026-04-29T12:21:40","modified_gmt":"2026-04-29T12:21:40","slug":"hoja-de-nacimiento","status":"publish","type":"product","link":"https:\/\/www.laisladelamariposa.com\/?product=hoja-de-nacimiento","title":{"rendered":"Hoja de nacimiento"},"content":{"rendered":"<p>Hoja de nacimiento para beb\u00e9s personalizada. Disponible en varios modelos y colores. Da la bienvenida al mundo a tu beb\u00e9 con una hoja personalizada con mucho encanto.<\/p>\n<p>Para la hoja de nacimiento necesitamos que nos indiques:<\/p>\n<ul>\n<li>Nombre del beb\u00e9<\/li>\n<li>D\u00eda y mes de nacimiento<\/li>\n<li>Hora de nacimiento<\/li>\n<li>Talla y peso del beb\u00e9<\/li>\n<li>Nombre de los padres y herman@s<\/li>\n<\/ul>\n<p>Tambi\u00e9n tenemos disponible la hoja de nacimiento CON MARCO, en tres colores: blanco, gris o madera.<\/p>\n<p>Si quieres la hoja con marco cuesta 25\u20ac (15\u20ac sin marco)<\/p>\n","protected":false},"excerpt":{"rendered":"<p>Hoja de nacimiento para beb\u00e9s personalizada. Disponible en varios modelos y colores. Da la bienvenida al mundo a tu beb\u00e9 con una hoja personalizada con mucho encanto. Para la hoja de nacimiento necesitamos que nos indiques: Nombre del beb\u00e9 D\u00eda y mes de nacimiento Hora de nacimiento Talla y peso del beb\u00e9 Nombre de los<a class=\"more-link\" href=\"https:\/\/www.laisladelamariposa.com\/?product=hoja-de-nacimiento\">Ver m\u00e1s  &#10230;<\/a><\/p>\n","protected":false},"featured_media":8627,"comment_status":"open","ping_status":"closed","template":"","meta":{"_editorskit_title_hidden":false,"_editorskit_reading_time":0,"_editorskit_is_block_options_detached":false,"_editorskit_block_options_position":"{}","_crdt_document":""},"product_brand":[],"product_cat":[17],"product_tag":[],"class_list":{"0":"post-8626","1":"product","2":"type-product","3":"status-publish","4":"has-post-thumbnail","6":"product_cat-sin-categorizar","7":"pa_modhojnac-ama","8":"pa_modhojnac-azul","9":"pa_modhojnac-lila","10":"pa_modhojnac-rosa","11":"pa_modhojnac-verde","13":"first","14":"instock","15":"shipping-taxable","16":"purchasable","17":"product-type-variable"},"yoast_head":"<!-- This site is optimized with the Yoast SEO plugin v27.5 - https:\/\/yoast.com\/product\/yoast-seo-wordpress\/ -->\n<title>Hoja de nacimiento - La Isla de la Mariposa<\/title>\n<meta name=\"robots\" content=\"index, follow, max-snippet:-1, max-image-preview:large, max-video-preview:-1\" \/>\n<link rel=\"canonical\" href=\"https:\/\/www.laisladelamariposa.com\/?product=hoja-de-nacimiento\" \/>\n<meta property=\"og:locale\" content=\"es_ES\" \/>\n<meta property=\"og:type\" content=\"article\" \/>\n<meta property=\"og:title\" content=\"Hoja de nacimiento - La Isla de la Mariposa\" \/>\n<meta property=\"og:description\" content=\"Hoja de nacimiento para beb\u00e9s personalizada. Disponible en varios modelos y colores. Da la bienvenida al mundo a tu beb\u00e9 con una hoja personalizada con mucho encanto. Para la hoja de nacimiento necesitamos que nos indiques: Nombre del beb\u00e9 D\u00eda y mes de nacimiento Hora de nacimiento Talla y peso del beb\u00e9 Nombre de losVer m\u00e1s &#10230;\" \/>\n<meta property=\"og:url\" content=\"https:\/\/www.laisladelamariposa.com\/?product=hoja-de-nacimiento\" \/>\n<meta property=\"og:site_name\" content=\"La Isla de la Mariposa\" \/>\n<meta property=\"article:modified_time\" content=\"2026-04-29T12:21:40+00:00\" \/>\n<meta property=\"og:image\" content=\"https:\/\/www.laisladelamariposa.com\/wp-content\/uploads\/2021\/10\/Hojanacimientomarcoslogo.jpg\" \/>\n\t<meta property=\"og:image:width\" content=\"1000\" \/>\n\t<meta property=\"og:image:height\" content=\"666\" \/>\n\t<meta property=\"og:image:type\" content=\"image\/jpeg\" \/>\n<meta name=\"twitter:card\" content=\"summary_large_image\" \/>\n<meta name=\"twitter:label1\" content=\"Tiempo de lectura\" \/>\n\t<meta name=\"twitter:data1\" content=\"1 minuto\" \/>\n<script type=\"application\/ld+json\" class=\"yoast-schema-graph\">{\"@context\":\"https:\\\/\\\/schema.org\",\"@graph\":[{\"@type\":\"WebPage\",\"@id\":\"https:\\\/\\\/www.laisladelamariposa.com\\\/?product=hoja-de-nacimiento\",\"url\":\"https:\\\/\\\/www.laisladelamariposa.com\\\/?product=hoja-de-nacimiento\",\"name\":\"Hoja de nacimiento - La Isla de la Mariposa\",\"isPartOf\":{\"@id\":\"https:\\\/\\\/www.laisladelamariposa.com\\\/#website\"},\"primaryImageOfPage\":{\"@id\":\"https:\\\/\\\/www.laisladelamariposa.com\\\/?product=hoja-de-nacimiento#primaryimage\"},\"image\":{\"@id\":\"https:\\\/\\\/www.laisladelamariposa.com\\\/?product=hoja-de-nacimiento#primaryimage\"},\"thumbnailUrl\":\"https:\\\/\\\/www.laisladelamariposa.com\\\/wp-content\\\/uploads\\\/2021\\\/10\\\/Hojanacimientomarcoslogo.jpg\",\"datePublished\":\"2021-10-28T12:43:40+00:00\",\"dateModified\":\"2026-04-29T12:21:40+00:00\",\"breadcrumb\":{\"@id\":\"https:\\\/\\\/www.laisladelamariposa.com\\\/?product=hoja-de-nacimiento#breadcrumb\"},\"inLanguage\":\"es\",\"potentialAction\":[{\"@type\":\"ReadAction\",\"target\":[\"https:\\\/\\\/www.laisladelamariposa.com\\\/?product=hoja-de-nacimiento\"]}]},{\"@type\":\"ImageObject\",\"inLanguage\":\"es\",\"@id\":\"https:\\\/\\\/www.laisladelamariposa.com\\\/?product=hoja-de-nacimiento#primaryimage\",\"url\":\"https:\\\/\\\/www.laisladelamariposa.com\\\/wp-content\\\/uploads\\\/2021\\\/10\\\/Hojanacimientomarcoslogo.jpg\",\"contentUrl\":\"https:\\\/\\\/www.laisladelamariposa.com\\\/wp-content\\\/uploads\\\/2021\\\/10\\\/Hojanacimientomarcoslogo.jpg\",\"width\":1000,\"height\":666},{\"@type\":\"BreadcrumbList\",\"@id\":\"https:\\\/\\\/www.laisladelamariposa.com\\\/?product=hoja-de-nacimiento#breadcrumb\",\"itemListElement\":[{\"@type\":\"ListItem\",\"position\":1,\"name\":\"Portada\",\"item\":\"https:\\\/\\\/www.laisladelamariposa.com\\\/\"},{\"@type\":\"ListItem\",\"position\":2,\"name\":\"Shop\",\"item\":\"https:\\\/\\\/www.laisladelamariposa.com\\\/?page_id=1712\"},{\"@type\":\"ListItem\",\"position\":3,\"name\":\"Hoja de nacimiento\"}]},{\"@type\":\"WebSite\",\"@id\":\"https:\\\/\\\/www.laisladelamariposa.com\\\/#website\",\"url\":\"https:\\\/\\\/www.laisladelamariposa.com\\\/\",\"name\":\"La Isla de la Mariposa\",\"description\":\"Rinconcito de arte, dise\u00f1o y artesan\u00eda.\",\"publisher\":{\"@id\":\"https:\\\/\\\/www.laisladelamariposa.com\\\/#organization\"},\"potentialAction\":[{\"@type\":\"SearchAction\",\"target\":{\"@type\":\"EntryPoint\",\"urlTemplate\":\"https:\\\/\\\/www.laisladelamariposa.com\\\/?s={search_term_string}\"},\"query-input\":{\"@type\":\"PropertyValueSpecification\",\"valueRequired\":true,\"valueName\":\"search_term_string\"}}],\"inLanguage\":\"es\"},{\"@type\":\"Organization\",\"@id\":\"https:\\\/\\\/www.laisladelamariposa.com\\\/#organization\",\"name\":\"La Isla de la Mariposa\",\"url\":\"https:\\\/\\\/www.laisladelamariposa.com\\\/\",\"logo\":{\"@type\":\"ImageObject\",\"inLanguage\":\"es\",\"@id\":\"https:\\\/\\\/www.laisladelamariposa.com\\\/#\\\/schema\\\/logo\\\/image\\\/\",\"url\":\"https:\\\/\\\/www.laisladelamariposa.com\\\/wp-content\\\/uploads\\\/2021\\\/12\\\/LOGO-FONDO-BLANCO.png\",\"contentUrl\":\"https:\\\/\\\/www.laisladelamariposa.com\\\/wp-content\\\/uploads\\\/2021\\\/12\\\/LOGO-FONDO-BLANCO.png\",\"width\":422,\"height\":422,\"caption\":\"La Isla de la Mariposa\"},\"image\":{\"@id\":\"https:\\\/\\\/www.laisladelamariposa.com\\\/#\\\/schema\\\/logo\\\/image\\\/\"}}]}<\/script>\n<!-- \/ Yoast SEO plugin. -->","yoast_head_json":{"title":"Hoja de nacimiento - La Isla de la Mariposa","robots":{"index":"index","follow":"follow","max-snippet":"max-snippet:-1","max-image-preview":"max-image-preview:large","max-video-preview":"max-video-preview:-1"},"canonical":"https:\/\/www.laisladelamariposa.com\/?product=hoja-de-nacimiento","og_locale":"es_ES","og_type":"article","og_title":"Hoja de nacimiento - La Isla de la Mariposa","og_description":"Hoja de nacimiento para beb\u00e9s personalizada. Disponible en varios modelos y colores. Da la bienvenida al mundo a tu beb\u00e9 con una hoja personalizada con mucho encanto. Para la hoja de nacimiento necesitamos que nos indiques: Nombre del beb\u00e9 D\u00eda y mes de nacimiento Hora de nacimiento Talla y peso del beb\u00e9 Nombre de losVer m\u00e1s &#10230;","og_url":"https:\/\/www.laisladelamariposa.com\/?product=hoja-de-nacimiento","og_site_name":"La Isla de la Mariposa","article_modified_time":"2026-04-29T12:21:40+00:00","og_image":[{"width":1000,"height":666,"url":"https:\/\/www.laisladelamariposa.com\/wp-content\/uploads\/2021\/10\/Hojanacimientomarcoslogo.jpg","type":"image\/jpeg"}],"twitter_card":"summary_large_image","twitter_misc":{"Tiempo de lectura":"1 minuto"},"schema":{"@context":"https:\/\/schema.org","@graph":[{"@type":"WebPage","@id":"https:\/\/www.laisladelamariposa.com\/?product=hoja-de-nacimiento","url":"https:\/\/www.laisladelamariposa.com\/?product=hoja-de-nacimiento","name":"Hoja de nacimiento - La Isla de la Mariposa","isPartOf":{"@id":"https:\/\/www.laisladelamariposa.com\/#website"},"primaryImageOfPage":{"@id":"https:\/\/www.laisladelamariposa.com\/?product=hoja-de-nacimiento#primaryimage"},"image":{"@id":"https:\/\/www.laisladelamariposa.com\/?product=hoja-de-nacimiento#primaryimage"},"thumbnailUrl":"https:\/\/www.laisladelamariposa.com\/wp-content\/uploads\/2021\/10\/Hojanacimientomarcoslogo.jpg","datePublished":"2021-10-28T12:43:40+00:00","dateModified":"2026-04-29T12:21:40+00:00","breadcrumb":{"@id":"https:\/\/www.laisladelamariposa.com\/?product=hoja-de-nacimiento#breadcrumb"},"inLanguage":"es","potentialAction":[{"@type":"ReadAction","target":["https:\/\/www.laisladelamariposa.com\/?product=hoja-de-nacimiento"]}]},{"@type":"ImageObject","inLanguage":"es","@id":"https:\/\/www.laisladelamariposa.com\/?product=hoja-de-nacimiento#primaryimage","url":"https:\/\/www.laisladelamariposa.com\/wp-content\/uploads\/2021\/10\/Hojanacimientomarcoslogo.jpg","contentUrl":"https:\/\/www.laisladelamariposa.com\/wp-content\/uploads\/2021\/10\/Hojanacimientomarcoslogo.jpg","width":1000,"height":666},{"@type":"BreadcrumbList","@id":"https:\/\/www.laisladelamariposa.com\/?product=hoja-de-nacimiento#breadcrumb","itemListElement":[{"@type":"ListItem","position":1,"name":"Portada","item":"https:\/\/www.laisladelamariposa.com\/"},{"@type":"ListItem","position":2,"name":"Shop","item":"https:\/\/www.laisladelamariposa.com\/?page_id=1712"},{"@type":"ListItem","position":3,"name":"Hoja de nacimiento"}]},{"@type":"WebSite","@id":"https:\/\/www.laisladelamariposa.com\/#website","url":"https:\/\/www.laisladelamariposa.com\/","name":"La Isla de la Mariposa","description":"Rinconcito de arte, dise\u00f1o y artesan\u00eda.","publisher":{"@id":"https:\/\/www.laisladelamariposa.com\/#organization"},"potentialAction":[{"@type":"SearchAction","target":{"@type":"EntryPoint","urlTemplate":"https:\/\/www.laisladelamariposa.com\/?s={search_term_string}"},"query-input":{"@type":"PropertyValueSpecification","valueRequired":true,"valueName":"search_term_string"}}],"inLanguage":"es"},{"@type":"Organization","@id":"https:\/\/www.laisladelamariposa.com\/#organization","name":"La Isla de la Mariposa","url":"https:\/\/www.laisladelamariposa.com\/","logo":{"@type":"ImageObject","inLanguage":"es","@id":"https:\/\/www.laisladelamariposa.com\/#\/schema\/logo\/image\/","url":"https:\/\/www.laisladelamariposa.com\/wp-content\/uploads\/2021\/12\/LOGO-FONDO-BLANCO.png","contentUrl":"https:\/\/www.laisladelamariposa.com\/wp-content\/uploads\/2021\/12\/LOGO-FONDO-BLANCO.png","width":422,"height":422,"caption":"La Isla de la Mariposa"},"image":{"@id":"https:\/\/www.laisladelamariposa.com\/#\/schema\/logo\/image\/"}}]}},"_links":{"self":[{"href":"https:\/\/www.laisladelamariposa.com\/index.php?rest_route=\/wp\/v2\/product\/8626","targetHints":{"allow":["GET"]}}],"collection":[{"href":"https:\/\/www.laisladelamariposa.com\/index.php?rest_route=\/wp\/v2\/product"}],"about":[{"href":"https:\/\/www.laisladelamariposa.com\/index.php?rest_route=\/wp\/v2\/types\/product"}],"replies":[{"embeddable":true,"href":"https:\/\/www.laisladelamariposa.com\/index.php?rest_route=%2Fwp%2Fv2%2Fcomments&post=8626"}],"wp:featuredmedia":[{"embeddable":true,"href":"https:\/\/www.laisladelamariposa.com\/index.php?rest_route=\/wp\/v2\/media\/8627"}],"wp:attachment":[{"href":"https:\/\/www.laisladelamariposa.com\/index.php?rest_route=%2Fwp%2Fv2%2Fmedia&parent=8626"}],"wp:term":[{"taxonomy":"product_brand","embeddable":true,"href":"https:\/\/www.laisladelamariposa.com\/index.php?rest_route=%2Fwp%2Fv2%2Fproduct_brand&post=8626"},{"taxonomy":"product_cat","embeddable":true,"href":"https:\/\/www.laisladelamariposa.com\/index.php?rest_route=%2Fwp%2Fv2%2Fproduct_cat&post=8626"},{"taxonomy":"product_tag","embeddable":true,"href":"https:\/\/www.laisladelamariposa.com\/index.php?rest_route=%2Fwp%2Fv2%2Fproduct_tag&post=8626"}],"curies":[{"name":"wp","href":"https:\/\/api.w.org\/{rel}","templated":true}]}}