{"id":8817,"date":"2021-11-20T19:26:26","date_gmt":"2021-11-20T19:26:26","guid":{"rendered":"https:\/\/www.laisladelamariposa.com\/?post_type=product&#038;p=8817"},"modified":"2026-04-30T16:05:11","modified_gmt":"2026-04-30T16:05:11","slug":"silla-chata","status":"publish","type":"product","link":"https:\/\/www.laisladelamariposa.com\/?product=silla-chata","title":{"rendered":"Silla chata"},"content":{"rendered":"<p>La silla chata es un producto artesanal t\u00edpico de la zona de Valencia. Esta preciosa sillita se utilizaba tradicionalmente para sentarse cerca del fuego, y tambi\u00e9n para hacer labores y coser.<\/p>\n<p>En La Isla de la Mariposa hemos hecho una versi\u00f3n de la silla chata para que los m\u00e1s peque\u00f1os de la casa est\u00e9n s\u00faper c\u00f3modos.<\/p>\n<p><strong>A la hora de hacer el pedido es importante que nos indiques el color y los motivos de la sillita&#8230; \u00a1y no te preocupes de nada m\u00e1s! Nosotros lo haremos realidad.<\/strong><\/p>\n<p>*Las sillas de las fotograf\u00edas son algunos ejemplos de nuestros trabajos previos, pero podemos personalizarla como m\u00e1s te guste<\/p>\n<p>&nbsp;<\/p>\n","protected":false},"excerpt":{"rendered":"<p>La silla chata es un producto artesanal t\u00edpico de la zona de Valencia. Esta preciosa sillita se utilizaba tradicionalmente para sentarse cerca del fuego, y tambi\u00e9n para hacer labores y coser. En La Isla de la Mariposa hemos hecho una versi\u00f3n de la silla chata para que los m\u00e1s peque\u00f1os de la casa est\u00e9n s\u00faper<a class=\"more-link\" href=\"https:\/\/www.laisladelamariposa.com\/?product=silla-chata\">Ver m\u00e1s  &#10230;<\/a><\/p>\n","protected":false},"featured_media":8818,"comment_status":"open","ping_status":"closed","template":"","meta":{"_editorskit_title_hidden":false,"_editorskit_reading_time":0,"_editorskit_is_block_options_detached":false,"_editorskit_block_options_position":"{}","_crdt_document":""},"product_brand":[],"product_cat":[78],"product_tag":[],"class_list":{"0":"post-8817","1":"product","2":"type-product","3":"status-publish","4":"has-post-thumbnail","6":"product_cat-sillitas-tronas-mecedoras","8":"first","9":"instock","10":"shipping-taxable","11":"purchasable","12":"product-type-simple"},"yoast_head":"<!-- This site is optimized with the Yoast SEO plugin v27.5 - https:\/\/yoast.com\/product\/yoast-seo-wordpress\/ -->\n<title>Silla chata - La Isla de la Mariposa<\/title>\n<meta name=\"robots\" content=\"index, follow, max-snippet:-1, max-image-preview:large, max-video-preview:-1\" \/>\n<link rel=\"canonical\" href=\"https:\/\/www.laisladelamariposa.com\/?product=silla-chata\" \/>\n<meta property=\"og:locale\" content=\"es_ES\" \/>\n<meta property=\"og:type\" content=\"article\" \/>\n<meta property=\"og:title\" content=\"Silla chata - La Isla de la Mariposa\" \/>\n<meta property=\"og:description\" content=\"La silla chata es un producto artesanal t\u00edpico de la zona de Valencia. Esta preciosa sillita se utilizaba tradicionalmente para sentarse cerca del fuego, y tambi\u00e9n para hacer labores y coser. En La Isla de la Mariposa hemos hecho una versi\u00f3n de la silla chata para que los m\u00e1s peque\u00f1os de la casa est\u00e9n s\u00faperVer m\u00e1s &#10230;\" \/>\n<meta property=\"og:url\" content=\"https:\/\/www.laisladelamariposa.com\/?product=silla-chata\" \/>\n<meta property=\"og:site_name\" content=\"La Isla de la Mariposa\" \/>\n<meta property=\"article:modified_time\" content=\"2026-04-30T16:05:11+00:00\" \/>\n<meta property=\"og:image\" content=\"https:\/\/www.laisladelamariposa.com\/wp-content\/uploads\/2021\/11\/Sillitachatamoradalogo.jpg\" \/>\n\t<meta property=\"og:image:width\" content=\"1080\" \/>\n\t<meta property=\"og:image:height\" content=\"1440\" \/>\n\t<meta property=\"og:image:type\" content=\"image\/jpeg\" \/>\n<meta name=\"twitter:card\" content=\"summary_large_image\" \/>\n<meta name=\"twitter:label1\" content=\"Tiempo de lectura\" \/>\n\t<meta name=\"twitter:data1\" content=\"1 minuto\" \/>\n<script type=\"application\/ld+json\" class=\"yoast-schema-graph\">{\"@context\":\"https:\\\/\\\/schema.org\",\"@graph\":[{\"@type\":\"WebPage\",\"@id\":\"https:\\\/\\\/www.laisladelamariposa.com\\\/?product=silla-chata\",\"url\":\"https:\\\/\\\/www.laisladelamariposa.com\\\/?product=silla-chata\",\"name\":\"Silla chata - La Isla de la Mariposa\",\"isPartOf\":{\"@id\":\"https:\\\/\\\/www.laisladelamariposa.com\\\/#website\"},\"primaryImageOfPage\":{\"@id\":\"https:\\\/\\\/www.laisladelamariposa.com\\\/?product=silla-chata#primaryimage\"},\"image\":{\"@id\":\"https:\\\/\\\/www.laisladelamariposa.com\\\/?product=silla-chata#primaryimage\"},\"thumbnailUrl\":\"https:\\\/\\\/www.laisladelamariposa.com\\\/wp-content\\\/uploads\\\/2021\\\/11\\\/Sillitachatamoradalogo.jpg\",\"datePublished\":\"2021-11-20T19:26:26+00:00\",\"dateModified\":\"2026-04-30T16:05:11+00:00\",\"breadcrumb\":{\"@id\":\"https:\\\/\\\/www.laisladelamariposa.com\\\/?product=silla-chata#breadcrumb\"},\"inLanguage\":\"es\",\"potentialAction\":[{\"@type\":\"ReadAction\",\"target\":[\"https:\\\/\\\/www.laisladelamariposa.com\\\/?product=silla-chata\"]}]},{\"@type\":\"ImageObject\",\"inLanguage\":\"es\",\"@id\":\"https:\\\/\\\/www.laisladelamariposa.com\\\/?product=silla-chata#primaryimage\",\"url\":\"https:\\\/\\\/www.laisladelamariposa.com\\\/wp-content\\\/uploads\\\/2021\\\/11\\\/Sillitachatamoradalogo.jpg\",\"contentUrl\":\"https:\\\/\\\/www.laisladelamariposa.com\\\/wp-content\\\/uploads\\\/2021\\\/11\\\/Sillitachatamoradalogo.jpg\",\"width\":1080,\"height\":1440},{\"@type\":\"BreadcrumbList\",\"@id\":\"https:\\\/\\\/www.laisladelamariposa.com\\\/?product=silla-chata#breadcrumb\",\"itemListElement\":[{\"@type\":\"ListItem\",\"position\":1,\"name\":\"Portada\",\"item\":\"https:\\\/\\\/www.laisladelamariposa.com\\\/\"},{\"@type\":\"ListItem\",\"position\":2,\"name\":\"Shop\",\"item\":\"https:\\\/\\\/www.laisladelamariposa.com\\\/?page_id=1712\"},{\"@type\":\"ListItem\",\"position\":3,\"name\":\"Silla chata\"}]},{\"@type\":\"WebSite\",\"@id\":\"https:\\\/\\\/www.laisladelamariposa.com\\\/#website\",\"url\":\"https:\\\/\\\/www.laisladelamariposa.com\\\/\",\"name\":\"La Isla de la Mariposa\",\"description\":\"Rinconcito de arte, dise\u00f1o y artesan\u00eda.\",\"publisher\":{\"@id\":\"https:\\\/\\\/www.laisladelamariposa.com\\\/#organization\"},\"potentialAction\":[{\"@type\":\"SearchAction\",\"target\":{\"@type\":\"EntryPoint\",\"urlTemplate\":\"https:\\\/\\\/www.laisladelamariposa.com\\\/?s={search_term_string}\"},\"query-input\":{\"@type\":\"PropertyValueSpecification\",\"valueRequired\":true,\"valueName\":\"search_term_string\"}}],\"inLanguage\":\"es\"},{\"@type\":\"Organization\",\"@id\":\"https:\\\/\\\/www.laisladelamariposa.com\\\/#organization\",\"name\":\"La Isla de la Mariposa\",\"url\":\"https:\\\/\\\/www.laisladelamariposa.com\\\/\",\"logo\":{\"@type\":\"ImageObject\",\"inLanguage\":\"es\",\"@id\":\"https:\\\/\\\/www.laisladelamariposa.com\\\/#\\\/schema\\\/logo\\\/image\\\/\",\"url\":\"https:\\\/\\\/www.laisladelamariposa.com\\\/wp-content\\\/uploads\\\/2021\\\/12\\\/LOGO-FONDO-BLANCO.png\",\"contentUrl\":\"https:\\\/\\\/www.laisladelamariposa.com\\\/wp-content\\\/uploads\\\/2021\\\/12\\\/LOGO-FONDO-BLANCO.png\",\"width\":422,\"height\":422,\"caption\":\"La Isla de la Mariposa\"},\"image\":{\"@id\":\"https:\\\/\\\/www.laisladelamariposa.com\\\/#\\\/schema\\\/logo\\\/image\\\/\"}}]}<\/script>\n<!-- \/ Yoast SEO plugin. -->","yoast_head_json":{"title":"Silla chata - La Isla de la Mariposa","robots":{"index":"index","follow":"follow","max-snippet":"max-snippet:-1","max-image-preview":"max-image-preview:large","max-video-preview":"max-video-preview:-1"},"canonical":"https:\/\/www.laisladelamariposa.com\/?product=silla-chata","og_locale":"es_ES","og_type":"article","og_title":"Silla chata - La Isla de la Mariposa","og_description":"La silla chata es un producto artesanal t\u00edpico de la zona de Valencia. Esta preciosa sillita se utilizaba tradicionalmente para sentarse cerca del fuego, y tambi\u00e9n para hacer labores y coser. En La Isla de la Mariposa hemos hecho una versi\u00f3n de la silla chata para que los m\u00e1s peque\u00f1os de la casa est\u00e9n s\u00faperVer m\u00e1s &#10230;","og_url":"https:\/\/www.laisladelamariposa.com\/?product=silla-chata","og_site_name":"La Isla de la Mariposa","article_modified_time":"2026-04-30T16:05:11+00:00","og_image":[{"width":1080,"height":1440,"url":"https:\/\/www.laisladelamariposa.com\/wp-content\/uploads\/2021\/11\/Sillitachatamoradalogo.jpg","type":"image\/jpeg"}],"twitter_card":"summary_large_image","twitter_misc":{"Tiempo de lectura":"1 minuto"},"schema":{"@context":"https:\/\/schema.org","@graph":[{"@type":"WebPage","@id":"https:\/\/www.laisladelamariposa.com\/?product=silla-chata","url":"https:\/\/www.laisladelamariposa.com\/?product=silla-chata","name":"Silla chata - La Isla de la Mariposa","isPartOf":{"@id":"https:\/\/www.laisladelamariposa.com\/#website"},"primaryImageOfPage":{"@id":"https:\/\/www.laisladelamariposa.com\/?product=silla-chata#primaryimage"},"image":{"@id":"https:\/\/www.laisladelamariposa.com\/?product=silla-chata#primaryimage"},"thumbnailUrl":"https:\/\/www.laisladelamariposa.com\/wp-content\/uploads\/2021\/11\/Sillitachatamoradalogo.jpg","datePublished":"2021-11-20T19:26:26+00:00","dateModified":"2026-04-30T16:05:11+00:00","breadcrumb":{"@id":"https:\/\/www.laisladelamariposa.com\/?product=silla-chata#breadcrumb"},"inLanguage":"es","potentialAction":[{"@type":"ReadAction","target":["https:\/\/www.laisladelamariposa.com\/?product=silla-chata"]}]},{"@type":"ImageObject","inLanguage":"es","@id":"https:\/\/www.laisladelamariposa.com\/?product=silla-chata#primaryimage","url":"https:\/\/www.laisladelamariposa.com\/wp-content\/uploads\/2021\/11\/Sillitachatamoradalogo.jpg","contentUrl":"https:\/\/www.laisladelamariposa.com\/wp-content\/uploads\/2021\/11\/Sillitachatamoradalogo.jpg","width":1080,"height":1440},{"@type":"BreadcrumbList","@id":"https:\/\/www.laisladelamariposa.com\/?product=silla-chata#breadcrumb","itemListElement":[{"@type":"ListItem","position":1,"name":"Portada","item":"https:\/\/www.laisladelamariposa.com\/"},{"@type":"ListItem","position":2,"name":"Shop","item":"https:\/\/www.laisladelamariposa.com\/?page_id=1712"},{"@type":"ListItem","position":3,"name":"Silla chata"}]},{"@type":"WebSite","@id":"https:\/\/www.laisladelamariposa.com\/#website","url":"https:\/\/www.laisladelamariposa.com\/","name":"La Isla de la Mariposa","description":"Rinconcito de arte, dise\u00f1o y artesan\u00eda.","publisher":{"@id":"https:\/\/www.laisladelamariposa.com\/#organization"},"potentialAction":[{"@type":"SearchAction","target":{"@type":"EntryPoint","urlTemplate":"https:\/\/www.laisladelamariposa.com\/?s={search_term_string}"},"query-input":{"@type":"PropertyValueSpecification","valueRequired":true,"valueName":"search_term_string"}}],"inLanguage":"es"},{"@type":"Organization","@id":"https:\/\/www.laisladelamariposa.com\/#organization","name":"La Isla de la Mariposa","url":"https:\/\/www.laisladelamariposa.com\/","logo":{"@type":"ImageObject","inLanguage":"es","@id":"https:\/\/www.laisladelamariposa.com\/#\/schema\/logo\/image\/","url":"https:\/\/www.laisladelamariposa.com\/wp-content\/uploads\/2021\/12\/LOGO-FONDO-BLANCO.png","contentUrl":"https:\/\/www.laisladelamariposa.com\/wp-content\/uploads\/2021\/12\/LOGO-FONDO-BLANCO.png","width":422,"height":422,"caption":"La Isla de la Mariposa"},"image":{"@id":"https:\/\/www.laisladelamariposa.com\/#\/schema\/logo\/image\/"}}]}},"_links":{"self":[{"href":"https:\/\/www.laisladelamariposa.com\/index.php?rest_route=\/wp\/v2\/product\/8817","targetHints":{"allow":["GET"]}}],"collection":[{"href":"https:\/\/www.laisladelamariposa.com\/index.php?rest_route=\/wp\/v2\/product"}],"about":[{"href":"https:\/\/www.laisladelamariposa.com\/index.php?rest_route=\/wp\/v2\/types\/product"}],"replies":[{"embeddable":true,"href":"https:\/\/www.laisladelamariposa.com\/index.php?rest_route=%2Fwp%2Fv2%2Fcomments&post=8817"}],"wp:featuredmedia":[{"embeddable":true,"href":"https:\/\/www.laisladelamariposa.com\/index.php?rest_route=\/wp\/v2\/media\/8818"}],"wp:attachment":[{"href":"https:\/\/www.laisladelamariposa.com\/index.php?rest_route=%2Fwp%2Fv2%2Fmedia&parent=8817"}],"wp:term":[{"taxonomy":"product_brand","embeddable":true,"href":"https:\/\/www.laisladelamariposa.com\/index.php?rest_route=%2Fwp%2Fv2%2Fproduct_brand&post=8817"},{"taxonomy":"product_cat","embeddable":true,"href":"https:\/\/www.laisladelamariposa.com\/index.php?rest_route=%2Fwp%2Fv2%2Fproduct_cat&post=8817"},{"taxonomy":"product_tag","embeddable":true,"href":"https:\/\/www.laisladelamariposa.com\/index.php?rest_route=%2Fwp%2Fv2%2Fproduct_tag&post=8817"}],"curies":[{"name":"wp","href":"https:\/\/api.w.org\/{rel}","templated":true}]}}